{"id":1654,"date":"2024-03-24T17:50:30","date_gmt":"2024-03-24T17:50:30","guid":{"rendered":"https:\/\/www.tenutatreterre.hr\/tenuta-bar\/"},"modified":"2024-04-18T16:35:28","modified_gmt":"2024-04-18T16:35:28","slug":"tenuta-bar","status":"publish","type":"page","link":"https:\/\/www.tenutatreterre.hr\/hr\/tenuta-bar\/","title":{"rendered":"Tenuta bar"},"content":{"rendered":"\t\t<div data-elementor-type=\"wp-page\" data-elementor-id=\"1654\" class=\"elementor elementor-1654 elementor-1518\">\n\t\t\t\t<div class=\"elementor-element elementor-element-4d5b1bd9 e-flex e-con-boxed e-con e-parent\" data-id=\"4d5b1bd9\" data-element_type=\"container\" data-settings=\"{&quot;background_background&quot;:&quot;classic&quot;}\" data-core-v316-plus=\"true\">\n\t\t\t\t\t<div class=\"e-con-inner\">\n\t\t<div class=\"elementor-element elementor-element-462f98e1 e-con-full e-flex e-con e-child\" data-id=\"462f98e1\" data-element_type=\"container\">\n\t\t\t\t<div class=\"elementor-element elementor-element-4f6e68e1 elementor-widget elementor-widget-heading\" data-id=\"4f6e68e1\" data-element_type=\"widget\" data-widget_type=\"heading.default\">\n\t\t\t\t<div class=\"elementor-widget-container\">\n\t\t\t<style>\/*! elementor - v3.20.0 - 20-03-2024 *\/\n.elementor-heading-title{padding:0;margin:0;line-height:1}.elementor-widget-heading .elementor-heading-title[class*=elementor-size-]>a{color:inherit;font-size:inherit;line-height:inherit}.elementor-widget-heading .elementor-heading-title.elementor-size-small{font-size:15px}.elementor-widget-heading .elementor-heading-title.elementor-size-medium{font-size:19px}.elementor-widget-heading .elementor-heading-title.elementor-size-large{font-size:29px}.elementor-widget-heading .elementor-heading-title.elementor-size-xl{font-size:39px}.elementor-widget-heading .elementor-heading-title.elementor-size-xxl{font-size:59px}<\/style><h1 class=\"elementor-heading-title elementor-size-default\">Imanje Tenuta - Odaberite degustaciju prema svom ukusu, posjetite na\u0161 Tenuta bar i trgovinu i krenite u novu avanturu!<\/h1>\t\t<\/div>\n\t\t\t\t<\/div>\n\t\t\t\t<\/div>\n\t\t<div class=\"elementor-element elementor-element-55d41a21 e-con-full e-flex e-con e-child\" data-id=\"55d41a21\" data-element_type=\"container\">\n\t\t\t\t<\/div>\n\t\t\t\t\t<\/div>\n\t\t\t\t<\/div>\n\t\t<div class=\"elementor-element elementor-element-64f9b4c8 e-flex e-con-boxed e-con e-parent\" data-id=\"64f9b4c8\" data-element_type=\"container\" data-core-v316-plus=\"true\">\n\t\t\t\t\t<div class=\"e-con-inner\">\n\t\t<div class=\"elementor-element elementor-element-1253f639 e-con-full e-flex e-con e-child\" data-id=\"1253f639\" data-element_type=\"container\">\n\t\t\t\t<div class=\"elementor-element elementor-element-3ec00a3e elementor-invisible elementor-widget elementor-widget-image\" data-id=\"3ec00a3e\" data-element_type=\"widget\" data-settings=\"{&quot;_animation&quot;:&quot;slideInLeft&quot;}\" data-widget_type=\"image.default\">\n\t\t\t\t<div class=\"elementor-widget-container\">\n\t\t\t<style>\/*! elementor - v3.20.0 - 20-03-2024 *\/\n.elementor-widget-image{text-align:center}.elementor-widget-image a{display:inline-block}.elementor-widget-image a img[src$=\".svg\"]{width:48px}.elementor-widget-image img{vertical-align:middle;display:inline-block}<\/style>\t\t\t\t\t\t\t\t\t\t<img fetchpriority=\"high\" decoding=\"async\" width=\"800\" height=\"648\" src=\"https:\/\/www.tenutatreterre.hr\/wp-content\/uploads\/2024\/03\/TENUTA-bar.jpg\" class=\"attachment-large size-large wp-image-1525\" alt=\"\" srcset=\"https:\/\/www.tenutatreterre.hr\/wp-content\/uploads\/2024\/03\/TENUTA-bar.jpg 900w, https:\/\/www.tenutatreterre.hr\/wp-content\/uploads\/2024\/03\/TENUTA-bar-300x243.jpg 300w, https:\/\/www.tenutatreterre.hr\/wp-content\/uploads\/2024\/03\/TENUTA-bar-768x622.jpg 768w, https:\/\/www.tenutatreterre.hr\/wp-content\/uploads\/2024\/03\/TENUTA-bar-750x608.jpg 750w, https:\/\/www.tenutatreterre.hr\/wp-content\/uploads\/2024\/03\/TENUTA-bar-120x96.jpg 120w\" sizes=\"(max-width: 800px) 100vw, 800px\" \/>\t\t\t\t\t\t\t\t\t\t\t\t\t<\/div>\n\t\t\t\t<\/div>\n\t\t\t\t<\/div>\n\t\t<div class=\"elementor-element elementor-element-7fe81b17 e-con-full e-flex elementor-invisible e-con e-child\" data-id=\"7fe81b17\" data-element_type=\"container\" data-settings=\"{&quot;animation&quot;:&quot;slideInRight&quot;}\">\n\t\t\t\t<div class=\"elementor-element elementor-element-578b7774 elementor-widget elementor-widget-heading\" data-id=\"578b7774\" data-element_type=\"widget\" data-widget_type=\"heading.default\">\n\t\t\t\t<div class=\"elementor-widget-container\">\n\t\t\t<h2 class=\"elementor-heading-title elementor-size-default\">TENUTA bar<\/h2>\t\t<\/div>\n\t\t\t\t<\/div>\n\t\t\t\t<div class=\"elementor-element elementor-element-436e8b90 elementor-widget elementor-widget-text-editor\" data-id=\"436e8b90\" data-element_type=\"widget\" data-widget_type=\"text-editor.default\">\n\t\t\t\t<div class=\"elementor-widget-container\">\n\t\t\t<style>\/*! elementor - v3.20.0 - 20-03-2024 *\/\n.elementor-widget-text-editor.elementor-drop-cap-view-stacked .elementor-drop-cap{background-color:#69727d;color:#fff}.elementor-widget-text-editor.elementor-drop-cap-view-framed .elementor-drop-cap{color:#69727d;border:3px solid;background-color:transparent}.elementor-widget-text-editor:not(.elementor-drop-cap-view-default) .elementor-drop-cap{margin-top:8px}.elementor-widget-text-editor:not(.elementor-drop-cap-view-default) .elementor-drop-cap-letter{width:1em;height:1em}.elementor-widget-text-editor .elementor-drop-cap{float:left;text-align:center;line-height:1;font-size:50px}.elementor-widget-text-editor .elementor-drop-cap-letter{display:inline-block}<\/style>\t\t\t\t<p>Pozivamo vas da u\u017eivate u predivnom okru\u017eenju na\u0161eg imanja uz \u010da\u0161u lokalnog vina ili doma\u0107eg pi\u0107a u na\u0161em \u0161armantnom baru. Uronite u \u010dari ovog slikovitog imanja dok u\u017eivate u svakom gutljaju i istra\u017eujete raznolikost okusa koje Istra nudi.<\/p>\n<p>Prona\u0111ite detaljan pregled na\u0161ih proizvoda, uklju\u010duju\u0107i lokalna vina i pi\u0107a iz Momjana i okolnih podru\u010dja, kao i premium asortiman Korlat vina, sinonim za vrhunsku kvalitetu.<\/p>\n\t\t\t\t\t\t<\/div>\n\t\t\t\t<\/div>\n\t\t\t\t<div class=\"elementor-element elementor-element-6ce9bcf4 elementor-widget elementor-widget-button\" data-id=\"6ce9bcf4\" data-element_type=\"widget\" data-widget_type=\"button.default\">\n\t\t\t\t<div class=\"elementor-widget-container\">\n\t\t\t\t\t<div class=\"elementor-button-wrapper\">\n\t\t\t<a class=\"elementor-button elementor-button-link elementor-size-sm\" href=\"https:\/\/www.tenutatreterre.hr\/wp-content\/uploads\/2024\/04\/Drinks-Menu-1.pdf\" target=\"_blank\">\n\t\t\t\t\t\t<span class=\"elementor-button-content-wrapper\">\n\t\t\t\t\t\t<span class=\"elementor-button-text\">Popis pi\u0107a u Tenuta baru<\/span>\n\t\t<\/span>\n\t\t\t\t\t<\/a>\n\t\t<\/div>\n\t\t\t\t<\/div>\n\t\t\t\t<\/div>\n\t\t\t\t<\/div>\n\t\t\t\t\t<\/div>\n\t\t\t\t<\/div>\n\t\t<div class=\"elementor-element elementor-element-704ffa00 e-flex e-con-boxed e-con e-parent\" data-id=\"704ffa00\" data-element_type=\"container\" data-core-v316-plus=\"true\">\n\t\t\t\t\t<div class=\"e-con-inner\">\n\t\t\t\t<div class=\"elementor-element elementor-element-20c631d elementor-widget elementor-widget-heading\" data-id=\"20c631d\" data-element_type=\"widget\" data-widget_type=\"heading.default\">\n\t\t\t\t<div class=\"elementor-widget-container\">\n\t\t\t<h2 class=\"elementor-heading-title elementor-size-default\">Galerija fotografija<\/h2>\t\t<\/div>\n\t\t\t\t<\/div>\n\t\t\t\t<div class=\"elementor-element elementor-element-2f24bdd9 elementor-widget-divider--view-line elementor-widget elementor-widget-divider\" data-id=\"2f24bdd9\" data-element_type=\"widget\" data-widget_type=\"divider.default\">\n\t\t\t\t<div class=\"elementor-widget-container\">\n\t\t\t<style>\/*! elementor - v3.20.0 - 20-03-2024 *\/\n.elementor-widget-divider{--divider-border-style:none;--divider-border-width:1px;--divider-color:#0c0d0e;--divider-icon-size:20px;--divider-element-spacing:10px;--divider-pattern-height:24px;--divider-pattern-size:20px;--divider-pattern-url:none;--divider-pattern-repeat:repeat-x}.elementor-widget-divider .elementor-divider{display:flex}.elementor-widget-divider .elementor-divider__text{font-size:15px;line-height:1;max-width:95%}.elementor-widget-divider .elementor-divider__element{margin:0 var(--divider-element-spacing);flex-shrink:0}.elementor-widget-divider .elementor-icon{font-size:var(--divider-icon-size)}.elementor-widget-divider .elementor-divider-separator{display:flex;margin:0;direction:ltr}.elementor-widget-divider--view-line_icon .elementor-divider-separator,.elementor-widget-divider--view-line_text .elementor-divider-separator{align-items:center}.elementor-widget-divider--view-line_icon .elementor-divider-separator:after,.elementor-widget-divider--view-line_icon .elementor-divider-separator:before,.elementor-widget-divider--view-line_text .elementor-divider-separator:after,.elementor-widget-divider--view-line_text .elementor-divider-separator:before{display:block;content:\"\";border-block-end:0;flex-grow:1;border-block-start:var(--divider-border-width) var(--divider-border-style) var(--divider-color)}.elementor-widget-divider--element-align-left .elementor-divider .elementor-divider-separator>.elementor-divider__svg:first-of-type{flex-grow:0;flex-shrink:100}.elementor-widget-divider--element-align-left .elementor-divider-separator:before{content:none}.elementor-widget-divider--element-align-left .elementor-divider__element{margin-left:0}.elementor-widget-divider--element-align-right .elementor-divider .elementor-divider-separator>.elementor-divider__svg:last-of-type{flex-grow:0;flex-shrink:100}.elementor-widget-divider--element-align-right .elementor-divider-separator:after{content:none}.elementor-widget-divider--element-align-right .elementor-divider__element{margin-right:0}.elementor-widget-divider--element-align-start .elementor-divider .elementor-divider-separator>.elementor-divider__svg:first-of-type{flex-grow:0;flex-shrink:100}.elementor-widget-divider--element-align-start .elementor-divider-separator:before{content:none}.elementor-widget-divider--element-align-start .elementor-divider__element{margin-inline-start:0}.elementor-widget-divider--element-align-end .elementor-divider .elementor-divider-separator>.elementor-divider__svg:last-of-type{flex-grow:0;flex-shrink:100}.elementor-widget-divider--element-align-end .elementor-divider-separator:after{content:none}.elementor-widget-divider--element-align-end .elementor-divider__element{margin-inline-end:0}.elementor-widget-divider:not(.elementor-widget-divider--view-line_text):not(.elementor-widget-divider--view-line_icon) .elementor-divider-separator{border-block-start:var(--divider-border-width) var(--divider-border-style) var(--divider-color)}.elementor-widget-divider--separator-type-pattern{--divider-border-style:none}.elementor-widget-divider--separator-type-pattern.elementor-widget-divider--view-line .elementor-divider-separator,.elementor-widget-divider--separator-type-pattern:not(.elementor-widget-divider--view-line) .elementor-divider-separator:after,.elementor-widget-divider--separator-type-pattern:not(.elementor-widget-divider--view-line) .elementor-divider-separator:before,.elementor-widget-divider--separator-type-pattern:not([class*=elementor-widget-divider--view]) .elementor-divider-separator{width:100%;min-height:var(--divider-pattern-height);-webkit-mask-size:var(--divider-pattern-size) 100%;mask-size:var(--divider-pattern-size) 100%;-webkit-mask-repeat:var(--divider-pattern-repeat);mask-repeat:var(--divider-pattern-repeat);background-color:var(--divider-color);-webkit-mask-image:var(--divider-pattern-url);mask-image:var(--divider-pattern-url)}.elementor-widget-divider--no-spacing{--divider-pattern-size:auto}.elementor-widget-divider--bg-round{--divider-pattern-repeat:round}.rtl .elementor-widget-divider .elementor-divider__text{direction:rtl}.e-con-inner>.elementor-widget-divider,.e-con>.elementor-widget-divider{width:var(--container-widget-width,100%);--flex-grow:var(--container-widget-flex-grow)}<\/style>\t\t<div class=\"elementor-divider\">\n\t\t\t<span class=\"elementor-divider-separator\">\n\t\t\t\t\t\t<\/span>\n\t\t<\/div>\n\t\t\t\t<\/div>\n\t\t\t\t<\/div>\n\t\t\t\t<div class=\"elementor-element elementor-element-28f463d6 gallery-spacing-custom elementor-widget elementor-widget-image-gallery\" data-id=\"28f463d6\" data-element_type=\"widget\" data-widget_type=\"image-gallery.default\">\n\t\t\t\t<div class=\"elementor-widget-container\">\n\t\t\t<style>\/*! elementor - v3.20.0 - 20-03-2024 *\/\n.elementor-image-gallery .gallery-item{display:inline-block;text-align:center;vertical-align:top;width:100%;max-width:100%;margin:0 auto}.elementor-image-gallery .gallery-item img{margin:0 auto}.elementor-image-gallery .gallery-item .gallery-caption{margin:0}.elementor-image-gallery figure img{display:block}.elementor-image-gallery figure figcaption{width:100%}.gallery-spacing-custom .elementor-image-gallery .gallery-icon{padding:0}@media (min-width:768px){.elementor-image-gallery .gallery-columns-2 .gallery-item{max-width:50%}.elementor-image-gallery .gallery-columns-3 .gallery-item{max-width:33.33%}.elementor-image-gallery .gallery-columns-4 .gallery-item{max-width:25%}.elementor-image-gallery .gallery-columns-5 .gallery-item{max-width:20%}.elementor-image-gallery .gallery-columns-6 .gallery-item{max-width:16.666%}.elementor-image-gallery .gallery-columns-7 .gallery-item{max-width:14.28%}.elementor-image-gallery .gallery-columns-8 .gallery-item{max-width:12.5%}.elementor-image-gallery .gallery-columns-9 .gallery-item{max-width:11.11%}.elementor-image-gallery .gallery-columns-10 .gallery-item{max-width:10%}}@media (min-width:480px) and (max-width:767px){.elementor-image-gallery .gallery.gallery-columns-2 .gallery-item,.elementor-image-gallery .gallery.gallery-columns-3 .gallery-item,.elementor-image-gallery .gallery.gallery-columns-4 .gallery-item,.elementor-image-gallery .gallery.gallery-columns-5 .gallery-item,.elementor-image-gallery .gallery.gallery-columns-6 .gallery-item,.elementor-image-gallery .gallery.gallery-columns-7 .gallery-item,.elementor-image-gallery .gallery.gallery-columns-8 .gallery-item,.elementor-image-gallery .gallery.gallery-columns-9 .gallery-item,.elementor-image-gallery .gallery.gallery-columns-10 .gallery-item{max-width:50%}}@media (max-width:479px){.elementor-image-gallery .gallery.gallery-columns-2 .gallery-item,.elementor-image-gallery .gallery.gallery-columns-3 .gallery-item,.elementor-image-gallery .gallery.gallery-columns-4 .gallery-item,.elementor-image-gallery .gallery.gallery-columns-5 .gallery-item,.elementor-image-gallery .gallery.gallery-columns-6 .gallery-item,.elementor-image-gallery .gallery.gallery-columns-7 .gallery-item,.elementor-image-gallery .gallery.gallery-columns-8 .gallery-item,.elementor-image-gallery .gallery.gallery-columns-9 .gallery-item,.elementor-image-gallery .gallery.gallery-columns-10 .gallery-item{max-width:100%}}<\/style>\t\t<div class=\"elementor-image-gallery\">\n\t\t\t<div id='gallery-1' class='gallery galleryid-1654 gallery-columns-4 gallery-size-jeg-750x536'><figure class='gallery-item'>\n\t\t\t<div class='gallery-icon portrait'>\n\t\t\t\t<a data-elementor-open-lightbox=\"yes\" data-elementor-lightbox-slideshow=\"28f463d6\" data-elementor-lightbox-title=\"DaniTurizma2023-107\" data-e-action-hash=\"#elementor-action%3Aaction%3Dlightbox%26settings%3DeyJpZCI6MTUzMywidXJsIjoiaHR0cHM6XC9cL3d3dy50ZW51dGF0cmV0ZXJyZS5oclwvd3AtY29udGVudFwvdXBsb2Fkc1wvMjAyNFwvMDNcL0RhbmlUdXJpem1hMjAyMy0xMDctc2NhbGVkLmpwZyIsInNsaWRlc2hvdyI6IjI4ZjQ2M2Q2In0%3D\" href='https:\/\/www.tenutatreterre.hr\/wp-content\/uploads\/2024\/03\/DaniTurizma2023-107-scaled.jpg'><img decoding=\"async\" width=\"750\" height=\"536\" src=\"https:\/\/www.tenutatreterre.hr\/wp-content\/uploads\/2024\/03\/DaniTurizma2023-107-750x536.jpg\" class=\"attachment-jeg-750x536 size-jeg-750x536\" alt=\"\" \/><\/a>\n\t\t\t<\/div><\/figure><figure class='gallery-item'>\n\t\t\t<div class='gallery-icon portrait'>\n\t\t\t\t<a data-elementor-open-lightbox=\"yes\" data-elementor-lightbox-slideshow=\"28f463d6\" data-elementor-lightbox-title=\"Tenuta Tre Terre - Impala Studio25\" data-e-action-hash=\"#elementor-action%3Aaction%3Dlightbox%26settings%3DeyJpZCI6MTUzNywidXJsIjoiaHR0cHM6XC9cL3d3dy50ZW51dGF0cmV0ZXJyZS5oclwvd3AtY29udGVudFwvdXBsb2Fkc1wvMjAyNFwvMDNcL1RlbnV0YS1UcmUtVGVycmUtSW1wYWxhLVN0dWRpbzI1LXNjYWxlZC5qcGciLCJzbGlkZXNob3ciOiIyOGY0NjNkNiJ9\" href='https:\/\/www.tenutatreterre.hr\/wp-content\/uploads\/2024\/03\/Tenuta-Tre-Terre-Impala-Studio25-scaled.jpg'><img decoding=\"async\" width=\"750\" height=\"536\" src=\"https:\/\/www.tenutatreterre.hr\/wp-content\/uploads\/2024\/03\/Tenuta-Tre-Terre-Impala-Studio25-750x536.jpg\" class=\"attachment-jeg-750x536 size-jeg-750x536\" alt=\"\" \/><\/a>\n\t\t\t<\/div><\/figure><figure class='gallery-item'>\n\t\t\t<div class='gallery-icon portrait'>\n\t\t\t\t<a data-elementor-open-lightbox=\"yes\" data-elementor-lightbox-slideshow=\"28f463d6\" data-elementor-lightbox-title=\"Tenuta Tre Terre - Impala Studio26\" data-e-action-hash=\"#elementor-action%3Aaction%3Dlightbox%26settings%3DeyJpZCI6MTU0MSwidXJsIjoiaHR0cHM6XC9cL3d3dy50ZW51dGF0cmV0ZXJyZS5oclwvd3AtY29udGVudFwvdXBsb2Fkc1wvMjAyNFwvMDNcL1RlbnV0YS1UcmUtVGVycmUtSW1wYWxhLVN0dWRpbzI2LXNjYWxlZC5qcGciLCJzbGlkZXNob3ciOiIyOGY0NjNkNiJ9\" href='https:\/\/www.tenutatreterre.hr\/wp-content\/uploads\/2024\/03\/Tenuta-Tre-Terre-Impala-Studio26-scaled.jpg'><img loading=\"lazy\" decoding=\"async\" width=\"750\" height=\"536\" src=\"https:\/\/www.tenutatreterre.hr\/wp-content\/uploads\/2024\/03\/Tenuta-Tre-Terre-Impala-Studio26-750x536.jpg\" class=\"attachment-jeg-750x536 size-jeg-750x536\" alt=\"\" \/><\/a>\n\t\t\t<\/div><\/figure>\n\t\t<\/div>\n\t\t<\/div>\n\t\t\t\t<\/div>\n\t\t\t\t<\/div>\n\t\t\t\t<div class=\"elementor-element elementor-element-b18266 elementor-widget-divider--view-line elementor-widget elementor-widget-divider\" data-id=\"b18266\" data-element_type=\"widget\" data-widget_type=\"divider.default\">\n\t\t\t\t<div class=\"elementor-widget-container\">\n\t\t\t\t\t<div class=\"elementor-divider\">\n\t\t\t<span class=\"elementor-divider-separator\">\n\t\t\t\t\t\t<\/span>\n\t\t<\/div>\n\t\t\t\t<\/div>\n\t\t\t\t<\/div>\n\t\t\t\t\t<\/div>\n\t\t\t\t<\/div>\n\t\t\t\t<\/div>\n\t\t","protected":false},"excerpt":{"rendered":"<p>Imanje Tenuta &#8211; Odaberite degustaciju prema svom ukusu, posjetite na\u0161 Tenuta bar i trgovinu i krenite u novu avanturu! TENUTA bar Pozivamo vas da u\u017eivate u predivnom okru\u017eenju na\u0161eg imanja uz \u010da\u0161u lokalnog vina ili doma\u0107eg pi\u0107a u na\u0161em \u0161armantnom baru. Uronite u \u010dari ovog slikovitog imanja dok u\u017eivate u svakom gutljaju i istra\u017eujete raznolikost [&hellip;]<\/p>\n","protected":false},"author":1,"featured_media":0,"parent":0,"menu_order":0,"comment_status":"closed","ping_status":"closed","template":"","meta":{"ngg_post_thumbnail":0,"footnotes":""},"class_list":["post-1654","page","type-page","status-publish","hentry"],"yoast_head":"<!-- This site is optimized with the Yoast SEO plugin v22.3 - https:\/\/yoast.com\/wordpress\/plugins\/seo\/ -->\n<title>Tenuta bar - Tenuta Tre Terre<\/title>\n<meta name=\"robots\" content=\"index, follow, max-snippet:-1, max-image-preview:large, max-video-preview:-1\" \/>\n<link rel=\"canonical\" href=\"https:\/\/www.tenutatreterre.hr\/hr\/tenuta-bar\/\" \/>\n<meta property=\"og:locale\" content=\"hr_HR\" \/>\n<meta property=\"og:type\" content=\"article\" \/>\n<meta property=\"og:title\" content=\"Tenuta bar - Tenuta Tre Terre\" \/>\n<meta property=\"og:description\" content=\"Imanje Tenuta &#8211; Odaberite degustaciju prema svom ukusu, posjetite na\u0161 Tenuta bar i trgovinu i krenite u novu avanturu! TENUTA bar Pozivamo vas da u\u017eivate u predivnom okru\u017eenju na\u0161eg imanja uz \u010da\u0161u lokalnog vina ili doma\u0107eg pi\u0107a u na\u0161em \u0161armantnom baru. Uronite u \u010dari ovog slikovitog imanja dok u\u017eivate u svakom gutljaju i istra\u017eujete raznolikost [&hellip;]\" \/>\n<meta property=\"og:url\" content=\"https:\/\/www.tenutatreterre.hr\/hr\/tenuta-bar\/\" \/>\n<meta property=\"og:site_name\" content=\"Tenuta Tre Terre\" \/>\n<meta property=\"article:modified_time\" content=\"2024-04-18T16:35:28+00:00\" \/>\n<meta property=\"og:image\" content=\"https:\/\/www.tenutatreterre.hr\/wp-content\/uploads\/2024\/03\/TENUTA-bar.jpg\" \/>\n<meta name=\"twitter:card\" content=\"summary_large_image\" \/>\n<meta name=\"twitter:label1\" content=\"Procijenjeno vrijeme \u010ditanja\" \/>\n\t<meta name=\"twitter:data1\" content=\"2 minute\" \/>\n<script type=\"application\/ld+json\" class=\"yoast-schema-graph\">{\"@context\":\"https:\/\/schema.org\",\"@graph\":[{\"@type\":\"WebPage\",\"@id\":\"https:\/\/www.tenutatreterre.hr\/hr\/tenuta-bar\/\",\"url\":\"https:\/\/www.tenutatreterre.hr\/hr\/tenuta-bar\/\",\"name\":\"Tenuta bar - Tenuta Tre Terre\",\"isPartOf\":{\"@id\":\"https:\/\/www.tenutatreterre.hr\/hr\/#website\"},\"primaryImageOfPage\":{\"@id\":\"https:\/\/www.tenutatreterre.hr\/hr\/tenuta-bar\/#primaryimage\"},\"image\":{\"@id\":\"https:\/\/www.tenutatreterre.hr\/hr\/tenuta-bar\/#primaryimage\"},\"thumbnailUrl\":\"https:\/\/www.tenutatreterre.hr\/wp-content\/uploads\/2024\/03\/TENUTA-bar.jpg\",\"datePublished\":\"2024-03-24T17:50:30+00:00\",\"dateModified\":\"2024-04-18T16:35:28+00:00\",\"breadcrumb\":{\"@id\":\"https:\/\/www.tenutatreterre.hr\/hr\/tenuta-bar\/#breadcrumb\"},\"inLanguage\":\"hr\",\"potentialAction\":[{\"@type\":\"ReadAction\",\"target\":[\"https:\/\/www.tenutatreterre.hr\/hr\/tenuta-bar\/\"]}]},{\"@type\":\"ImageObject\",\"inLanguage\":\"hr\",\"@id\":\"https:\/\/www.tenutatreterre.hr\/hr\/tenuta-bar\/#primaryimage\",\"url\":\"https:\/\/www.tenutatreterre.hr\/wp-content\/uploads\/2024\/03\/TENUTA-bar.jpg\",\"contentUrl\":\"https:\/\/www.tenutatreterre.hr\/wp-content\/uploads\/2024\/03\/TENUTA-bar.jpg\",\"width\":900,\"height\":729},{\"@type\":\"BreadcrumbList\",\"@id\":\"https:\/\/www.tenutatreterre.hr\/hr\/tenuta-bar\/#breadcrumb\",\"itemListElement\":[{\"@type\":\"ListItem\",\"position\":1,\"name\":\"Po\u010detna stranica\",\"item\":\"https:\/\/www.tenutatreterre.hr\/hr\/\"},{\"@type\":\"ListItem\",\"position\":2,\"name\":\"Tenuta bar\"}]},{\"@type\":\"WebSite\",\"@id\":\"https:\/\/www.tenutatreterre.hr\/hr\/#website\",\"url\":\"https:\/\/www.tenutatreterre.hr\/hr\/\",\"name\":\"Tenuta Tre Terre\",\"description\":\"Tenuta Tre Terre\",\"potentialAction\":[{\"@type\":\"SearchAction\",\"target\":{\"@type\":\"EntryPoint\",\"urlTemplate\":\"https:\/\/www.tenutatreterre.hr\/hr\/?s={search_term_string}\"},\"query-input\":\"required name=search_term_string\"}],\"inLanguage\":\"hr\"}]}<\/script>\n<!-- \/ Yoast SEO plugin. -->","yoast_head_json":{"title":"Tenuta bar - Tenuta Tre Terre","robots":{"index":"index","follow":"follow","max-snippet":"max-snippet:-1","max-image-preview":"max-image-preview:large","max-video-preview":"max-video-preview:-1"},"canonical":"https:\/\/www.tenutatreterre.hr\/hr\/tenuta-bar\/","og_locale":"hr_HR","og_type":"article","og_title":"Tenuta bar - Tenuta Tre Terre","og_description":"Imanje Tenuta &#8211; Odaberite degustaciju prema svom ukusu, posjetite na\u0161 Tenuta bar i trgovinu i krenite u novu avanturu! TENUTA bar Pozivamo vas da u\u017eivate u predivnom okru\u017eenju na\u0161eg imanja uz \u010da\u0161u lokalnog vina ili doma\u0107eg pi\u0107a u na\u0161em \u0161armantnom baru. Uronite u \u010dari ovog slikovitog imanja dok u\u017eivate u svakom gutljaju i istra\u017eujete raznolikost [&hellip;]","og_url":"https:\/\/www.tenutatreterre.hr\/hr\/tenuta-bar\/","og_site_name":"Tenuta Tre Terre","article_modified_time":"2024-04-18T16:35:28+00:00","og_image":[{"url":"https:\/\/www.tenutatreterre.hr\/wp-content\/uploads\/2024\/03\/TENUTA-bar.jpg"}],"twitter_card":"summary_large_image","twitter_misc":{"Procijenjeno vrijeme \u010ditanja":"2 minute"},"schema":{"@context":"https:\/\/schema.org","@graph":[{"@type":"WebPage","@id":"https:\/\/www.tenutatreterre.hr\/hr\/tenuta-bar\/","url":"https:\/\/www.tenutatreterre.hr\/hr\/tenuta-bar\/","name":"Tenuta bar - Tenuta Tre Terre","isPartOf":{"@id":"https:\/\/www.tenutatreterre.hr\/hr\/#website"},"primaryImageOfPage":{"@id":"https:\/\/www.tenutatreterre.hr\/hr\/tenuta-bar\/#primaryimage"},"image":{"@id":"https:\/\/www.tenutatreterre.hr\/hr\/tenuta-bar\/#primaryimage"},"thumbnailUrl":"https:\/\/www.tenutatreterre.hr\/wp-content\/uploads\/2024\/03\/TENUTA-bar.jpg","datePublished":"2024-03-24T17:50:30+00:00","dateModified":"2024-04-18T16:35:28+00:00","breadcrumb":{"@id":"https:\/\/www.tenutatreterre.hr\/hr\/tenuta-bar\/#breadcrumb"},"inLanguage":"hr","potentialAction":[{"@type":"ReadAction","target":["https:\/\/www.tenutatreterre.hr\/hr\/tenuta-bar\/"]}]},{"@type":"ImageObject","inLanguage":"hr","@id":"https:\/\/www.tenutatreterre.hr\/hr\/tenuta-bar\/#primaryimage","url":"https:\/\/www.tenutatreterre.hr\/wp-content\/uploads\/2024\/03\/TENUTA-bar.jpg","contentUrl":"https:\/\/www.tenutatreterre.hr\/wp-content\/uploads\/2024\/03\/TENUTA-bar.jpg","width":900,"height":729},{"@type":"BreadcrumbList","@id":"https:\/\/www.tenutatreterre.hr\/hr\/tenuta-bar\/#breadcrumb","itemListElement":[{"@type":"ListItem","position":1,"name":"Po\u010detna stranica","item":"https:\/\/www.tenutatreterre.hr\/hr\/"},{"@type":"ListItem","position":2,"name":"Tenuta bar"}]},{"@type":"WebSite","@id":"https:\/\/www.tenutatreterre.hr\/hr\/#website","url":"https:\/\/www.tenutatreterre.hr\/hr\/","name":"Tenuta Tre Terre","description":"Tenuta Tre Terre","potentialAction":[{"@type":"SearchAction","target":{"@type":"EntryPoint","urlTemplate":"https:\/\/www.tenutatreterre.hr\/hr\/?s={search_term_string}"},"query-input":"required name=search_term_string"}],"inLanguage":"hr"}]}},"_links":{"self":[{"href":"https:\/\/www.tenutatreterre.hr\/hr\/wp-json\/wp\/v2\/pages\/1654","targetHints":{"allow":["GET"]}}],"collection":[{"href":"https:\/\/www.tenutatreterre.hr\/hr\/wp-json\/wp\/v2\/pages"}],"about":[{"href":"https:\/\/www.tenutatreterre.hr\/hr\/wp-json\/wp\/v2\/types\/page"}],"author":[{"embeddable":true,"href":"https:\/\/www.tenutatreterre.hr\/hr\/wp-json\/wp\/v2\/users\/1"}],"replies":[{"embeddable":true,"href":"https:\/\/www.tenutatreterre.hr\/hr\/wp-json\/wp\/v2\/comments?post=1654"}],"version-history":[{"count":10,"href":"https:\/\/www.tenutatreterre.hr\/hr\/wp-json\/wp\/v2\/pages\/1654\/revisions"}],"predecessor-version":[{"id":1867,"href":"https:\/\/www.tenutatreterre.hr\/hr\/wp-json\/wp\/v2\/pages\/1654\/revisions\/1867"}],"wp:attachment":[{"href":"https:\/\/www.tenutatreterre.hr\/hr\/wp-json\/wp\/v2\/media?parent=1654"}],"curies":[{"name":"wp","href":"https:\/\/api.w.org\/{rel}","templated":true}]}}