{"id":1666,"date":"2023-12-26T16:32:39","date_gmt":"2023-12-26T16:32:39","guid":{"rendered":"https:\/\/www.tenutatreterre.hr\/novosti\/"},"modified":"2024-12-19T14:45:08","modified_gmt":"2024-12-19T14:45:08","slug":"novosti","status":"publish","type":"page","link":"https:\/\/www.tenutatreterre.hr\/hr\/novosti\/","title":{"rendered":"Novosti"},"content":{"rendered":"\t\t<div data-elementor-type=\"wp-page\" data-elementor-id=\"1666\" class=\"elementor elementor-1666 elementor-171\">\n\t\t\t\t\t\t<section class=\"elementor-section elementor-top-section elementor-element elementor-element-77fdbf12 elementor-section-height-min-height elementor-section-boxed elementor-section-height-default elementor-section-items-middle\" data-id=\"77fdbf12\" data-element_type=\"section\" data-settings=\"{&quot;background_background&quot;:&quot;classic&quot;}\">\n\t\t\t\t\t\t\t<div class=\"elementor-background-overlay\"><\/div>\n\t\t\t\t\t\t\t<div class=\"elementor-container elementor-column-gap-no\">\n\t\t\t\t\t<div class=\"elementor-column elementor-col-100 elementor-top-column elementor-element elementor-element-501820b0\" data-id=\"501820b0\" data-element_type=\"column\">\n\t\t\t<div class=\"elementor-widget-wrap elementor-element-populated\">\n\t\t\t\t\t\t<section class=\"elementor-section elementor-inner-section elementor-element elementor-element-5588519f elementor-section-content-middle elementor-section-boxed elementor-section-height-default elementor-section-height-default\" data-id=\"5588519f\" data-element_type=\"section\">\n\t\t\t\t\t\t<div class=\"elementor-container elementor-column-gap-no\">\n\t\t\t\t\t<div class=\"elementor-column elementor-col-100 elementor-inner-column elementor-element elementor-element-38d2f2de\" data-id=\"38d2f2de\" data-element_type=\"column\">\n\t\t\t<div class=\"elementor-widget-wrap elementor-element-populated\">\n\t\t\t\t\t\t<div class=\"elementor-element elementor-element-63d7eacb elementor-invisible elementor-widget elementor-widget-heading\" data-id=\"63d7eacb\" data-element_type=\"widget\" data-settings=\"{&quot;_animation&quot;:&quot;fadeInUp&quot;}\" data-widget_type=\"heading.default\">\n\t\t\t\t<div class=\"elementor-widget-container\">\n\t\t\t<style>\/*! elementor - v3.20.0 - 20-03-2024 *\/\n.elementor-heading-title{padding:0;margin:0;line-height:1}.elementor-widget-heading .elementor-heading-title[class*=elementor-size-]>a{color:inherit;font-size:inherit;line-height:inherit}.elementor-widget-heading .elementor-heading-title.elementor-size-small{font-size:15px}.elementor-widget-heading .elementor-heading-title.elementor-size-medium{font-size:19px}.elementor-widget-heading .elementor-heading-title.elementor-size-large{font-size:29px}.elementor-widget-heading .elementor-heading-title.elementor-size-xl{font-size:39px}.elementor-widget-heading .elementor-heading-title.elementor-size-xxl{font-size:59px}<\/style><h1 class=\"elementor-heading-title elementor-size-default\">Tenuta Tre Terre - Najnovije vijesti<\/h1>\t\t<\/div>\n\t\t\t\t<\/div>\n\t\t\t\t<div class=\"elementor-element elementor-element-73524ea elementor-invisible elementor-widget elementor-widget-heading\" data-id=\"73524ea\" data-element_type=\"widget\" data-settings=\"{&quot;_animation&quot;:&quot;fadeInUp&quot;}\" data-widget_type=\"heading.default\">\n\t\t\t\t<div class=\"elementor-widget-container\">\n\t\t\t<div class=\"elementor-heading-title elementor-size-default\">Budite u tijeku sa svime \u0161to se doga\u0111a u na\u0161em svijetu redovito prate\u0107i vijesti na na\u0161oj web stranici. Va\u0161a svijest je na\u0161 prioritet, i uvijek \u0107emo se truditi pru\u017eiti vam najnovije i najrelevantnije informacije.<\/div>\t\t<\/div>\n\t\t\t\t<\/div>\n\t\t\t\t\t<\/div>\n\t\t<\/div>\n\t\t\t\t\t<\/div>\n\t\t<\/section>\n\t\t\t\t\t<\/div>\n\t\t<\/div>\n\t\t\t\t\t<\/div>\n\t\t<\/section>\n\t\t<div class=\"elementor-element elementor-element-3706c6f e-flex e-con-boxed e-con e-parent\" data-id=\"3706c6f\" data-element_type=\"container\" data-core-v316-plus=\"true\">\n\t\t\t\t\t<div class=\"e-con-inner\">\n\t\t\t\t<div class=\"elementor-element elementor-element-82d1ba3 elementor-widget elementor-widget-elementskit-blog-posts\" data-id=\"82d1ba3\" data-element_type=\"widget\" data-widget_type=\"elementskit-blog-posts.default\">\n\t\t\t\t<div class=\"elementor-widget-container\">\n\t\t\t<div class=\"ekit-wid-con\" >        <div id=\"post-items--82d1ba3\" class=\"row post-items\">\n                    <div class=\"col-lg-4 col-md-6\">\n\n                                    <div class=\"elementskit-post-image-card\">\n                        <div class=\"elementskit-entry-header\">\n                                                            <a href=\"https:\/\/www.tenutatreterre.hr\/hr\/bubble-day-novi-datum-i-nova-energija\/\" class=\"elementskit-entry-thumb\">\n                                    <img decoding=\"async\" src=\"https:\/\/www.tenutatreterre.hr\/wp-content\/uploads\/2025\/09\/A-L-Y-A-1024x576.jpg\" alt=\"Bubble Day \u2013 NOVI DATUM I NOVA ENERGIJA!\">\n                                <\/a><!-- .elementskit-entry-thumb END -->\n                                                            \n                            \n\t\t\t\t\t\t\t\t\t\t\t\t\t<\/div><!-- .elementskit-entry-header END -->\n\n\t\t\t\t\t\t<div class=\"elementskit-post-body \">\n\t\t\t\t\t\t\t\n\t\t\t\t\t\t\t\t\t\t\t\t\t\t\t\t\t\t\t\t\t\t\t\t\t\t\t\t\t\t\n\t\t\t\t\t\t\t\t\n\t\t\t\t\t\t\t\t\t\t\t\t\t\t\t\t\t\t\t\t\t<h2 class=\"entry-title\">\n\t\t\t\t\t<a href=\"https:\/\/www.tenutatreterre.hr\/hr\/bubble-day-novi-datum-i-nova-energija\/\">\n\t\t\t\t\t\tBubble Day \u2013 NOVI DATUM I NOVA ENERGIJA!\t\t\t\t\t<\/a>\n\t\t\t\t<\/h2>\n\t\t\t\t\t\t\t\t\t\t\t\t\t\t\t\t\t\t\t\t\t\t\t\t\t\t\t\t\t\t\t\t\t\t\t\t\t\t\t\t\t\t<p>Bubble Day \u2013 NOVI DATUM I NOVA ENERGIJA! Dragi prijatelji, zbog vremenskih prilika na\u0161 Bubble Day premje\u0161tamo na PETAK, 5. rujna \u2013 kako bismo svi zajedno u\u017eivali u suncu, pjenu\u0161cima&hellip;<\/p>\n\t\t\t\t\t\t\t\t\t\t\t\t\t\t\t\t\t\t\t\t\t\t                                                    <\/div><!-- .elementskit-post-body END -->\n                    <\/div>\n                \n            <\/div>\n                    <div class=\"col-lg-4 col-md-6\">\n\n                                    <div class=\"elementskit-post-image-card\">\n                        <div class=\"elementskit-entry-header\">\n                                                            <a href=\"https:\/\/www.tenutatreterre.hr\/hr\/bubble-day-2025\/\" class=\"elementskit-entry-thumb\">\n                                    <img decoding=\"async\" src=\"https:\/\/www.tenutatreterre.hr\/wp-content\/uploads\/2025\/08\/Untitled-design-82-1024x576.jpg\" alt=\"Bubble Day 2025\">\n                                <\/a><!-- .elementskit-entry-thumb END -->\n                                                            \n                            \n\t\t\t\t\t\t\t\t\t\t\t\t\t<\/div><!-- .elementskit-entry-header END -->\n\n\t\t\t\t\t\t<div class=\"elementskit-post-body \">\n\t\t\t\t\t\t\t\n\t\t\t\t\t\t\t\t\t\t\t\t\t\t\t\t\t\t\t\t\t\t\t\t\t\t\t\t\t\t\n\t\t\t\t\t\t\t\t\n\t\t\t\t\t\t\t\t\t\t\t\t\t\t\t\t\t\t\t\t\t<h2 class=\"entry-title\">\n\t\t\t\t\t<a href=\"https:\/\/www.tenutatreterre.hr\/hr\/bubble-day-2025\/\">\n\t\t\t\t\t\tBubble Day 2025\t\t\t\t\t<\/a>\n\t\t\t\t<\/h2>\n\t\t\t\t\t\t\t\t\t\t\t\t\t\t\t\t\t\t\t\t\t\t\t\t\t\t\t\t\t\t\t\t\t\t\t\t\t\t\t\t\t\t<p>Bubble Day 2025 \u2013 Gatsby Edition 3. rujna 2025.Tenuta Tre Terre, Momjan \u2013 Istra Pripremite se za najpjenu\u0161aviji dan ljeta! Bubble Day se vra\u0107a u jedinstvenom Gatsby izdanju, gdje se&hellip;<\/p>\n\t\t\t\t\t\t\t\t\t\t\t\t\t\t\t\t\t\t\t\t\t\t                                                    <\/div><!-- .elementskit-post-body END -->\n                    <\/div>\n                \n            <\/div>\n                    <div class=\"col-lg-4 col-md-6\">\n\n                                    <div class=\"elementskit-post-image-card\">\n                        <div class=\"elementskit-entry-header\">\n                                                            <a href=\"https:\/\/www.tenutatreterre.hr\/hr\/ferragosto-picnic-grill\/\" class=\"elementskit-entry-thumb\">\n                                    <img decoding=\"async\" src=\"https:\/\/www.tenutatreterre.hr\/wp-content\/uploads\/2025\/08\/usiness-2-1024x576.jpg\" alt=\"Ferragosto Picnic &amp; Grill\">\n                                <\/a><!-- .elementskit-entry-thumb END -->\n                                                            \n                            \n\t\t\t\t\t\t\t\t\t\t\t\t\t<\/div><!-- .elementskit-entry-header END -->\n\n\t\t\t\t\t\t<div class=\"elementskit-post-body \">\n\t\t\t\t\t\t\t\n\t\t\t\t\t\t\t\t\t\t\t\t\t\t\t\t\t\t\t\t\t\t\t\t\t\t\t\t\t\t\n\t\t\t\t\t\t\t\t\n\t\t\t\t\t\t\t\t\t\t\t\t\t\t\t\t\t\t\t\t\t<h2 class=\"entry-title\">\n\t\t\t\t\t<a href=\"https:\/\/www.tenutatreterre.hr\/hr\/ferragosto-picnic-grill\/\">\n\t\t\t\t\t\tFerragosto Picnic &amp; Grill\t\t\t\t\t<\/a>\n\t\t\t\t<\/h2>\n\t\t\t\t\t\t\t\t\t\t\t\t\t\t\t\t\t\t\t\t\t\t\t\t\t\t\t\t\t\t\t\t\t\t\t\t\t\t\t\t\t\t<p>Ferragosto Picnic &amp; Grill Skrivena me\u0111u osun\u010danim bre\u017euljcima Momjana, Tenuta Tre Terre je \u0161armantno istarsko imanje gdje se priroda, tradicija i gastronomija susre\u0107u u savr\u0161enoj harmoniji. Na blagdan Ferragosta, 14.&hellip;<\/p>\n\t\t\t\t\t\t\t\t\t\t\t\t\t\t\t\t\t\t\t\t\t\t                                                    <\/div><!-- .elementskit-post-body END -->\n                    <\/div>\n                \n            <\/div>\n                <\/div>\n       <\/div>\t\t<\/div>\n\t\t\t\t<\/div>\n\t\t\t\t\t<\/div>\n\t\t\t\t<\/div>\n\t\t\t\t<\/div>\n\t\t","protected":false},"excerpt":{"rendered":"<p>Tenuta Tre Terre &#8211; Najnovije vijesti Budite u tijeku sa svime \u0161to se doga\u0111a u na\u0161em svijetu redovito prate\u0107i vijesti na na\u0161oj web stranici. Va\u0161a svijest je na\u0161 prioritet, i uvijek \u0107emo se truditi pru\u017eiti vam najnovije i najrelevantnije informacije. HISTROKOZMOS | PRistrani | NOTA OCAT Artist, musician, microcosm of Istria \u2013 Tamara Obrovac will [&hellip;]<\/p>\n","protected":false},"author":1,"featured_media":0,"parent":0,"menu_order":0,"comment_status":"closed","ping_status":"closed","template":"","meta":{"ngg_post_thumbnail":0,"footnotes":""},"class_list":["post-1666","page","type-page","status-publish","hentry"],"yoast_head":"<!-- This site is optimized with the Yoast SEO plugin v22.3 - https:\/\/yoast.com\/wordpress\/plugins\/seo\/ -->\n<title>Novosti - Tenuta Tre Terre<\/title>\n<meta name=\"description\" content=\"Novosti sa Tenuta Tre Terre. Budite u tijeku sa svime \u0161to se doga\u0111a u na\u0161em svijetu redovito prate\u0107i vijesti na na\u0161oj web stranici.\" \/>\n<meta name=\"robots\" content=\"index, follow, max-snippet:-1, max-image-preview:large, max-video-preview:-1\" \/>\n<link rel=\"canonical\" href=\"https:\/\/www.tenutatreterre.hr\/hr\/novosti\/\" \/>\n<meta property=\"og:locale\" content=\"hr_HR\" \/>\n<meta property=\"og:type\" content=\"article\" \/>\n<meta property=\"og:title\" content=\"Novosti - Tenuta Tre Terre\" \/>\n<meta property=\"og:description\" content=\"Novosti sa Tenuta Tre Terre. Budite u tijeku sa svime \u0161to se doga\u0111a u na\u0161em svijetu redovito prate\u0107i vijesti na na\u0161oj web stranici.\" \/>\n<meta property=\"og:url\" content=\"https:\/\/www.tenutatreterre.hr\/hr\/novosti\/\" \/>\n<meta property=\"og:site_name\" content=\"Tenuta Tre Terre\" \/>\n<meta property=\"article:modified_time\" content=\"2024-12-19T14:45:08+00:00\" \/>\n<meta property=\"og:image\" content=\"https:\/\/www.tenutatreterre.hr\/wp-content\/uploads\/2024\/02\/399853608_676203714560385_6936124177028383272_n-1024x1024-1-1024x1024.jpg\" \/>\n<meta name=\"twitter:card\" content=\"summary_large_image\" \/>\n<meta name=\"twitter:label1\" content=\"Procijenjeno vrijeme \u010ditanja\" \/>\n\t<meta name=\"twitter:data1\" content=\"2 minute\" \/>\n<script type=\"application\/ld+json\" class=\"yoast-schema-graph\">{\"@context\":\"https:\/\/schema.org\",\"@graph\":[{\"@type\":\"WebPage\",\"@id\":\"https:\/\/www.tenutatreterre.hr\/hr\/novosti\/\",\"url\":\"https:\/\/www.tenutatreterre.hr\/hr\/novosti\/\",\"name\":\"Novosti - Tenuta Tre Terre\",\"isPartOf\":{\"@id\":\"https:\/\/www.tenutatreterre.hr\/hr\/#website\"},\"primaryImageOfPage\":{\"@id\":\"https:\/\/www.tenutatreterre.hr\/hr\/novosti\/#primaryimage\"},\"image\":{\"@id\":\"https:\/\/www.tenutatreterre.hr\/hr\/novosti\/#primaryimage\"},\"thumbnailUrl\":\"https:\/\/www.tenutatreterre.hr\/wp-content\/uploads\/2024\/02\/399853608_676203714560385_6936124177028383272_n-1024x1024-1-1024x1024.jpg\",\"datePublished\":\"2023-12-26T16:32:39+00:00\",\"dateModified\":\"2024-12-19T14:45:08+00:00\",\"description\":\"Novosti sa Tenuta Tre Terre. Budite u tijeku sa svime \u0161to se doga\u0111a u na\u0161em svijetu redovito prate\u0107i vijesti na na\u0161oj web stranici.\",\"breadcrumb\":{\"@id\":\"https:\/\/www.tenutatreterre.hr\/hr\/novosti\/#breadcrumb\"},\"inLanguage\":\"hr\",\"potentialAction\":[{\"@type\":\"ReadAction\",\"target\":[\"https:\/\/www.tenutatreterre.hr\/hr\/novosti\/\"]}]},{\"@type\":\"ImageObject\",\"inLanguage\":\"hr\",\"@id\":\"https:\/\/www.tenutatreterre.hr\/hr\/novosti\/#primaryimage\",\"url\":\"https:\/\/www.tenutatreterre.hr\/wp-content\/uploads\/2024\/02\/399853608_676203714560385_6936124177028383272_n-1024x1024-1.jpg\",\"contentUrl\":\"https:\/\/www.tenutatreterre.hr\/wp-content\/uploads\/2024\/02\/399853608_676203714560385_6936124177028383272_n-1024x1024-1.jpg\",\"width\":1024,\"height\":1024},{\"@type\":\"BreadcrumbList\",\"@id\":\"https:\/\/www.tenutatreterre.hr\/hr\/novosti\/#breadcrumb\",\"itemListElement\":[{\"@type\":\"ListItem\",\"position\":1,\"name\":\"Po\u010detna stranica\",\"item\":\"https:\/\/www.tenutatreterre.hr\/hr\/\"},{\"@type\":\"ListItem\",\"position\":2,\"name\":\"Novosti\"}]},{\"@type\":\"WebSite\",\"@id\":\"https:\/\/www.tenutatreterre.hr\/hr\/#website\",\"url\":\"https:\/\/www.tenutatreterre.hr\/hr\/\",\"name\":\"Tenuta Tre Terre\",\"description\":\"Tenuta Tre Terre\",\"potentialAction\":[{\"@type\":\"SearchAction\",\"target\":{\"@type\":\"EntryPoint\",\"urlTemplate\":\"https:\/\/www.tenutatreterre.hr\/hr\/?s={search_term_string}\"},\"query-input\":\"required name=search_term_string\"}],\"inLanguage\":\"hr\"}]}<\/script>\n<!-- \/ Yoast SEO plugin. -->","yoast_head_json":{"title":"Novosti - Tenuta Tre Terre","description":"Novosti sa Tenuta Tre Terre. Budite u tijeku sa svime \u0161to se doga\u0111a u na\u0161em svijetu redovito prate\u0107i vijesti na na\u0161oj web stranici.","robots":{"index":"index","follow":"follow","max-snippet":"max-snippet:-1","max-image-preview":"max-image-preview:large","max-video-preview":"max-video-preview:-1"},"canonical":"https:\/\/www.tenutatreterre.hr\/hr\/novosti\/","og_locale":"hr_HR","og_type":"article","og_title":"Novosti - Tenuta Tre Terre","og_description":"Novosti sa Tenuta Tre Terre. Budite u tijeku sa svime \u0161to se doga\u0111a u na\u0161em svijetu redovito prate\u0107i vijesti na na\u0161oj web stranici.","og_url":"https:\/\/www.tenutatreterre.hr\/hr\/novosti\/","og_site_name":"Tenuta Tre Terre","article_modified_time":"2024-12-19T14:45:08+00:00","og_image":[{"url":"https:\/\/www.tenutatreterre.hr\/wp-content\/uploads\/2024\/02\/399853608_676203714560385_6936124177028383272_n-1024x1024-1-1024x1024.jpg"}],"twitter_card":"summary_large_image","twitter_misc":{"Procijenjeno vrijeme \u010ditanja":"2 minute"},"schema":{"@context":"https:\/\/schema.org","@graph":[{"@type":"WebPage","@id":"https:\/\/www.tenutatreterre.hr\/hr\/novosti\/","url":"https:\/\/www.tenutatreterre.hr\/hr\/novosti\/","name":"Novosti - Tenuta Tre Terre","isPartOf":{"@id":"https:\/\/www.tenutatreterre.hr\/hr\/#website"},"primaryImageOfPage":{"@id":"https:\/\/www.tenutatreterre.hr\/hr\/novosti\/#primaryimage"},"image":{"@id":"https:\/\/www.tenutatreterre.hr\/hr\/novosti\/#primaryimage"},"thumbnailUrl":"https:\/\/www.tenutatreterre.hr\/wp-content\/uploads\/2024\/02\/399853608_676203714560385_6936124177028383272_n-1024x1024-1-1024x1024.jpg","datePublished":"2023-12-26T16:32:39+00:00","dateModified":"2024-12-19T14:45:08+00:00","description":"Novosti sa Tenuta Tre Terre. Budite u tijeku sa svime \u0161to se doga\u0111a u na\u0161em svijetu redovito prate\u0107i vijesti na na\u0161oj web stranici.","breadcrumb":{"@id":"https:\/\/www.tenutatreterre.hr\/hr\/novosti\/#breadcrumb"},"inLanguage":"hr","potentialAction":[{"@type":"ReadAction","target":["https:\/\/www.tenutatreterre.hr\/hr\/novosti\/"]}]},{"@type":"ImageObject","inLanguage":"hr","@id":"https:\/\/www.tenutatreterre.hr\/hr\/novosti\/#primaryimage","url":"https:\/\/www.tenutatreterre.hr\/wp-content\/uploads\/2024\/02\/399853608_676203714560385_6936124177028383272_n-1024x1024-1.jpg","contentUrl":"https:\/\/www.tenutatreterre.hr\/wp-content\/uploads\/2024\/02\/399853608_676203714560385_6936124177028383272_n-1024x1024-1.jpg","width":1024,"height":1024},{"@type":"BreadcrumbList","@id":"https:\/\/www.tenutatreterre.hr\/hr\/novosti\/#breadcrumb","itemListElement":[{"@type":"ListItem","position":1,"name":"Po\u010detna stranica","item":"https:\/\/www.tenutatreterre.hr\/hr\/"},{"@type":"ListItem","position":2,"name":"Novosti"}]},{"@type":"WebSite","@id":"https:\/\/www.tenutatreterre.hr\/hr\/#website","url":"https:\/\/www.tenutatreterre.hr\/hr\/","name":"Tenuta Tre Terre","description":"Tenuta Tre Terre","potentialAction":[{"@type":"SearchAction","target":{"@type":"EntryPoint","urlTemplate":"https:\/\/www.tenutatreterre.hr\/hr\/?s={search_term_string}"},"query-input":"required name=search_term_string"}],"inLanguage":"hr"}]}},"_links":{"self":[{"href":"https:\/\/www.tenutatreterre.hr\/hr\/wp-json\/wp\/v2\/pages\/1666","targetHints":{"allow":["GET"]}}],"collection":[{"href":"https:\/\/www.tenutatreterre.hr\/hr\/wp-json\/wp\/v2\/pages"}],"about":[{"href":"https:\/\/www.tenutatreterre.hr\/hr\/wp-json\/wp\/v2\/types\/page"}],"author":[{"embeddable":true,"href":"https:\/\/www.tenutatreterre.hr\/hr\/wp-json\/wp\/v2\/users\/1"}],"replies":[{"embeddable":true,"href":"https:\/\/www.tenutatreterre.hr\/hr\/wp-json\/wp\/v2\/comments?post=1666"}],"version-history":[{"count":4,"href":"https:\/\/www.tenutatreterre.hr\/hr\/wp-json\/wp\/v2\/pages\/1666\/revisions"}],"predecessor-version":[{"id":3264,"href":"https:\/\/www.tenutatreterre.hr\/hr\/wp-json\/wp\/v2\/pages\/1666\/revisions\/3264"}],"wp:attachment":[{"href":"https:\/\/www.tenutatreterre.hr\/hr\/wp-json\/wp\/v2\/media?parent=1666"}],"curies":[{"name":"wp","href":"https:\/\/api.w.org\/{rel}","templated":true}]}}