{"id":2296,"date":"2024-07-06T15:50:53","date_gmt":"2024-07-06T15:50:53","guid":{"rendered":"https:\/\/www.tenutatreterre.hr\/?page_id=2296"},"modified":"2025-01-10T10:22:16","modified_gmt":"2025-01-10T10:22:16","slug":"2-lila-day","status":"publish","type":"page","link":"https:\/\/www.tenutatreterre.hr\/hr\/2-lila-day\/","title":{"rendered":"2. Lila Day Galerija Slika"},"content":{"rendered":"\n<h2 class=\"wp-block-heading has-text-align-center\">2. Lila Day<\/h2>\n\n\n\nngg_shortcode_0_placeholder\n\n\n\n<h4 class=\"wp-block-heading\"><strong>2. Lila Day \u2013 Jedinstveni gastro i opu\u0161taju\u0107i do\u017eivljaj u Tenuta Tre Terre<\/strong><\/h4>\n\n\n\n<p>Zamislite dan kada se miris lavande \u0161iri zrakom, sun\u010deve zrake nje\u017eno miluju prostrane vinograde, a svaki kutak imanja poziva vas na opu\u0161tanje i u\u017eivanje u vrhunskim vinima, kreativnim koktelima i ukusnim zalogajima. Dobrodo\u0161li na&nbsp;<strong>Lila Day<\/strong>&nbsp;u&nbsp;<a href=\"https:\/\/www.tenutatreterre.hr\/hr\/\"><strong>Tenuta Tre Terre<\/strong><\/a>&nbsp;\u2013 doga\u0111aj koji slavi prirodu, tradiciju i gastronomiju!<\/p>\n\n\n\n<hr class=\"wp-block-separator has-alpha-channel-opacity\"\/>\n\n\n\n<h4 class=\"wp-block-heading\"><strong>Vinska selekcija<\/strong><\/h4>\n\n\n\n<p>U\u017eivajte u pomno odabranim crnim i ros\u00e9 vinima iz vrhunskih vinarija:<\/p>\n\n\n\n<ul class=\"wp-block-list\">\n<li><strong>Vinarija Korlat<\/strong><\/li>\n\n\n\n<li><strong>Vinarija Radanovi\u0107<\/strong><\/li>\n\n\n\n<li><strong>Vinarija Mar\u010deta<\/strong><\/li>\n\n\n\n<li><strong>Vinarija San Mauro<\/strong><\/li>\n<\/ul>\n\n\n\n<p>Sna\u017ena crna vina i lagana, vo\u0107na ros\u00e9 vina upotpunit \u0107e va\u0161 Lila Day do\u017eivljaj.<\/p>\n\n\n\n<hr class=\"wp-block-separator has-alpha-channel-opacity\"\/>\n\n\n\n<h4 class=\"wp-block-heading\"><strong>Gastronomski u\u017eitak inspiriran Lila Day temom<\/strong><\/h4>\n\n\n\n<p>Okusite inovativnu ponudu jela koja spaja kreativnost i sezonske namirnice:<\/p>\n\n\n\n<ul class=\"wp-block-list\">\n<li>So\u010dni burgeri s jedinstvenim dodacima<\/li>\n\n\n\n<li>Osvje\u017eavaju\u0107e salate pripremljene za ovu prigodu<\/li>\n\n\n\n<li>Posebni sladoledi iz&nbsp;<strong>Ema Ice Cream<\/strong>, savr\u0161eni za ljetni u\u017eitak<\/li>\n<\/ul>\n\n\n\n<hr class=\"wp-block-separator has-alpha-channel-opacity\"\/>\n\n\n\n<h4 class=\"wp-block-heading\"><strong>Jedinstveno iskustvo piknika<\/strong><\/h4>\n\n\n\n<p>Do\u017eivite idilu me\u0111u vinogradima ili s pogledom na polja lavande! Na\u0161e posebno pripremljene piknik<br>ko\u0161are s va\u0161im omiljenim vinom i zalogajima bit \u0107e dostupne na imanju.<br>Sve \u0161to trebate je prona\u0107i savr\u0161eno mjesto za u\u017eivanje u prirodi.<\/p>\n\n\n\n<hr class=\"wp-block-separator has-alpha-channel-opacity\"\/>\n\n\n\n<h4 class=\"wp-block-heading\"><strong>Lokalni proizvodi od lavande<\/strong><\/h4>\n\n\n\n<p>Otkrijte autenti\u010dne proizvode od lavande lokalnih proizvo\u0111a\u010da:<\/p>\n\n\n\n<ul class=\"wp-block-list\">\n<li><strong>Illegal Lotus<\/strong><\/li>\n\n\n\n<li><strong>Aroma Istre<\/strong><\/li>\n<\/ul>\n\n\n\n<p>Ponesite sa sobom komadi\u0107 Lila Dana i zadr\u017eite uspomenu na mirisni Momjan.<\/p>\n\n\n\n<hr class=\"wp-block-separator has-alpha-channel-opacity\"\/>\n\n\n\n<h4 class=\"wp-block-heading\"><strong>Posebni sadr\u017eaji i aktivnosti<\/strong><\/h4>\n\n\n\n<p>Kako bi do\u017eivljaj bio potpun, za vas smo pripremili:<\/p>\n\n\n\n<ul class=\"wp-block-list\">\n<li><strong>DJ nastup<\/strong>&nbsp;\u2013 savr\u0161ena glazbena pozadina za opu\u0161tanje i zabavu<\/li>\n\n\n\n<li><strong>Ljubi\u010dasti kokteli<\/strong>&nbsp;\u2013 kreacije koje priprema&nbsp;<strong>Barlogistic<\/strong>&nbsp;uz&nbsp;<strong>Damijani\u0107 Destillery<\/strong><\/li>\n\n\n\n<li><strong>Slikarske radionice<\/strong>&nbsp;\u2013 interaktivno iskustvo slikanja lavande s&nbsp;<strong>Oaza Art Experience<\/strong><\/li>\n\n\n\n<li><strong>Oslikavanje lica<\/strong>&nbsp;\u2013 zabavno iskustvo za velike i male<\/li>\n\n\n\n<li><strong>Foto to\u010dke<\/strong>&nbsp;\u2013 stvorite i zabilje\u017eite svoje naj\u010darobnije trenutke<\/li>\n<\/ul>\n\n\n\n<hr class=\"wp-block-separator has-alpha-channel-opacity\"\/>\n\n\n\n<p>Pridru\u017eite nam se na&nbsp;<strong>Lila Day-u<\/strong>&nbsp;i do\u017eivite nezaboravan spoj vina, hrane, prirode i zabave.<br><strong>Tenuta Tre Terre<\/strong>&nbsp;\u010deka da vas o\u010dara \u2013 vidimo se me\u0111u vinogradima i poljima lavande!<\/p>\n","protected":false},"excerpt":{"rendered":"<p>2. Lila Day 2. Lila Day \u2013 Jedinstveni gastro i opu\u0161taju\u0107i do\u017eivljaj u Tenuta Tre Terre Zamislite dan kada se miris lavande \u0161iri zrakom, sun\u010deve zrake nje\u017eno miluju prostrane vinograde, a svaki kutak imanja poziva vas na opu\u0161tanje i u\u017eivanje u vrhunskim vinima, kreativnim koktelima i ukusnim zalogajima. Dobrodo\u0161li na&nbsp;Lila Day&nbsp;u&nbsp;Tenuta Tre Terre&nbsp;\u2013 doga\u0111aj koji [&hellip;]<\/p>\n","protected":false},"author":1,"featured_media":0,"parent":0,"menu_order":0,"comment_status":"closed","ping_status":"closed","template":"","meta":{"ngg_post_thumbnail":0,"footnotes":""},"class_list":["post-2296","page","type-page","status-publish","hentry"],"yoast_head":"<!-- This site is optimized with the Yoast SEO plugin v22.3 - https:\/\/yoast.com\/wordpress\/plugins\/seo\/ -->\n<title>2. Lila Day Galerija Slika - Tenuta Tre Terre<\/title>\n<meta name=\"description\" content=\"2. Lila Day - Galerija slika. Dobrodo\u0161li na\u00a0Lila Day\u00a0u\u00a0Tenuta Tre Terre\u00a0\u2013 doga\u0111aj koji slavi prirodu, tradiciju i gastronomiju!\" \/>\n<meta name=\"robots\" content=\"index, follow, max-snippet:-1, max-image-preview:large, max-video-preview:-1\" \/>\n<link rel=\"canonical\" href=\"https:\/\/www.tenutatreterre.hr\/hr\/2-lila-day\/\" \/>\n<meta property=\"og:locale\" content=\"hr_HR\" \/>\n<meta property=\"og:type\" content=\"article\" \/>\n<meta property=\"og:title\" content=\"2. Lila Day Galerija Slika - Tenuta Tre Terre\" \/>\n<meta property=\"og:description\" content=\"2. Lila Day - Galerija slika. Dobrodo\u0161li na\u00a0Lila Day\u00a0u\u00a0Tenuta Tre Terre\u00a0\u2013 doga\u0111aj koji slavi prirodu, tradiciju i gastronomiju!\" \/>\n<meta property=\"og:url\" content=\"https:\/\/www.tenutatreterre.hr\/hr\/2-lila-day\/\" \/>\n<meta property=\"og:site_name\" content=\"Tenuta Tre Terre\" \/>\n<meta property=\"article:modified_time\" content=\"2025-01-10T10:22:16+00:00\" \/>\n<meta name=\"twitter:card\" content=\"summary_large_image\" \/>\n<meta name=\"twitter:label1\" content=\"Procijenjeno vrijeme \u010ditanja\" \/>\n\t<meta name=\"twitter:data1\" content=\"2 minute\" \/>\n<script type=\"application\/ld+json\" class=\"yoast-schema-graph\">{\"@context\":\"https:\/\/schema.org\",\"@graph\":[{\"@type\":\"WebPage\",\"@id\":\"https:\/\/www.tenutatreterre.hr\/hr\/2-lila-day\/\",\"url\":\"https:\/\/www.tenutatreterre.hr\/hr\/2-lila-day\/\",\"name\":\"2. Lila Day Galerija Slika - Tenuta Tre Terre\",\"isPartOf\":{\"@id\":\"https:\/\/www.tenutatreterre.hr\/hr\/#website\"},\"datePublished\":\"2024-07-06T15:50:53+00:00\",\"dateModified\":\"2025-01-10T10:22:16+00:00\",\"description\":\"2. Lila Day - Galerija slika. Dobrodo\u0161li na\u00a0Lila Day\u00a0u\u00a0Tenuta Tre Terre\u00a0\u2013 doga\u0111aj koji slavi prirodu, tradiciju i gastronomiju!\",\"breadcrumb\":{\"@id\":\"https:\/\/www.tenutatreterre.hr\/hr\/2-lila-day\/#breadcrumb\"},\"inLanguage\":\"hr\",\"potentialAction\":[{\"@type\":\"ReadAction\",\"target\":[\"https:\/\/www.tenutatreterre.hr\/hr\/2-lila-day\/\"]}]},{\"@type\":\"BreadcrumbList\",\"@id\":\"https:\/\/www.tenutatreterre.hr\/hr\/2-lila-day\/#breadcrumb\",\"itemListElement\":[{\"@type\":\"ListItem\",\"position\":1,\"name\":\"Po\u010detna stranica\",\"item\":\"https:\/\/www.tenutatreterre.hr\/hr\/\"},{\"@type\":\"ListItem\",\"position\":2,\"name\":\"2. Lila Day Galerija Slika\"}]},{\"@type\":\"WebSite\",\"@id\":\"https:\/\/www.tenutatreterre.hr\/hr\/#website\",\"url\":\"https:\/\/www.tenutatreterre.hr\/hr\/\",\"name\":\"Tenuta Tre Terre\",\"description\":\"Tenuta Tre Terre\",\"potentialAction\":[{\"@type\":\"SearchAction\",\"target\":{\"@type\":\"EntryPoint\",\"urlTemplate\":\"https:\/\/www.tenutatreterre.hr\/hr\/?s={search_term_string}\"},\"query-input\":\"required name=search_term_string\"}],\"inLanguage\":\"hr\"}]}<\/script>\n<!-- \/ Yoast SEO plugin. -->","yoast_head_json":{"title":"2. Lila Day Galerija Slika - Tenuta Tre Terre","description":"2. Lila Day - Galerija slika. Dobrodo\u0161li na\u00a0Lila Day\u00a0u\u00a0Tenuta Tre Terre\u00a0\u2013 doga\u0111aj koji slavi prirodu, tradiciju i gastronomiju!","robots":{"index":"index","follow":"follow","max-snippet":"max-snippet:-1","max-image-preview":"max-image-preview:large","max-video-preview":"max-video-preview:-1"},"canonical":"https:\/\/www.tenutatreterre.hr\/hr\/2-lila-day\/","og_locale":"hr_HR","og_type":"article","og_title":"2. Lila Day Galerija Slika - Tenuta Tre Terre","og_description":"2. Lila Day - Galerija slika. Dobrodo\u0161li na\u00a0Lila Day\u00a0u\u00a0Tenuta Tre Terre\u00a0\u2013 doga\u0111aj koji slavi prirodu, tradiciju i gastronomiju!","og_url":"https:\/\/www.tenutatreterre.hr\/hr\/2-lila-day\/","og_site_name":"Tenuta Tre Terre","article_modified_time":"2025-01-10T10:22:16+00:00","twitter_card":"summary_large_image","twitter_misc":{"Procijenjeno vrijeme \u010ditanja":"2 minute"},"schema":{"@context":"https:\/\/schema.org","@graph":[{"@type":"WebPage","@id":"https:\/\/www.tenutatreterre.hr\/hr\/2-lila-day\/","url":"https:\/\/www.tenutatreterre.hr\/hr\/2-lila-day\/","name":"2. Lila Day Galerija Slika - Tenuta Tre Terre","isPartOf":{"@id":"https:\/\/www.tenutatreterre.hr\/hr\/#website"},"datePublished":"2024-07-06T15:50:53+00:00","dateModified":"2025-01-10T10:22:16+00:00","description":"2. Lila Day - Galerija slika. Dobrodo\u0161li na\u00a0Lila Day\u00a0u\u00a0Tenuta Tre Terre\u00a0\u2013 doga\u0111aj koji slavi prirodu, tradiciju i gastronomiju!","breadcrumb":{"@id":"https:\/\/www.tenutatreterre.hr\/hr\/2-lila-day\/#breadcrumb"},"inLanguage":"hr","potentialAction":[{"@type":"ReadAction","target":["https:\/\/www.tenutatreterre.hr\/hr\/2-lila-day\/"]}]},{"@type":"BreadcrumbList","@id":"https:\/\/www.tenutatreterre.hr\/hr\/2-lila-day\/#breadcrumb","itemListElement":[{"@type":"ListItem","position":1,"name":"Po\u010detna stranica","item":"https:\/\/www.tenutatreterre.hr\/hr\/"},{"@type":"ListItem","position":2,"name":"2. Lila Day Galerija Slika"}]},{"@type":"WebSite","@id":"https:\/\/www.tenutatreterre.hr\/hr\/#website","url":"https:\/\/www.tenutatreterre.hr\/hr\/","name":"Tenuta Tre Terre","description":"Tenuta Tre Terre","potentialAction":[{"@type":"SearchAction","target":{"@type":"EntryPoint","urlTemplate":"https:\/\/www.tenutatreterre.hr\/hr\/?s={search_term_string}"},"query-input":"required name=search_term_string"}],"inLanguage":"hr"}]}},"_links":{"self":[{"href":"https:\/\/www.tenutatreterre.hr\/hr\/wp-json\/wp\/v2\/pages\/2296","targetHints":{"allow":["GET"]}}],"collection":[{"href":"https:\/\/www.tenutatreterre.hr\/hr\/wp-json\/wp\/v2\/pages"}],"about":[{"href":"https:\/\/www.tenutatreterre.hr\/hr\/wp-json\/wp\/v2\/types\/page"}],"author":[{"embeddable":true,"href":"https:\/\/www.tenutatreterre.hr\/hr\/wp-json\/wp\/v2\/users\/1"}],"replies":[{"embeddable":true,"href":"https:\/\/www.tenutatreterre.hr\/hr\/wp-json\/wp\/v2\/comments?post=2296"}],"version-history":[{"count":6,"href":"https:\/\/www.tenutatreterre.hr\/hr\/wp-json\/wp\/v2\/pages\/2296\/revisions"}],"predecessor-version":[{"id":3308,"href":"https:\/\/www.tenutatreterre.hr\/hr\/wp-json\/wp\/v2\/pages\/2296\/revisions\/3308"}],"wp:attachment":[{"href":"https:\/\/www.tenutatreterre.hr\/hr\/wp-json\/wp\/v2\/media?parent=2296"}],"curies":[{"name":"wp","href":"https:\/\/api.w.org\/{rel}","templated":true}]}}