{"id":2373,"date":"2024-07-09T12:19:35","date_gmt":"2024-07-09T12:19:35","guid":{"rendered":"https:\/\/www.tenutatreterre.hr\/vineyard-picnic\/"},"modified":"2024-12-19T14:36:54","modified_gmt":"2024-12-19T14:36:54","slug":"piknik-u-vinogradu-momjan","status":"publish","type":"page","link":"https:\/\/www.tenutatreterre.hr\/hr\/piknik-u-vinogradu-momjan\/","title":{"rendered":"Piknik u vinogradu"},"content":{"rendered":"\n<div style=\"height:44px\" aria-hidden=\"true\" class=\"wp-block-spacer\"><\/div>\n\n\n\n<h2 class=\"wp-block-heading has-text-align-center\">Piknik u vinogradu <\/h2>\n\n\n\n<div style=\"height:44px\" aria-hidden=\"true\" class=\"wp-block-spacer\"><\/div>\n\n\n\nngg_shortcode_0_placeholder\n\n\n\n<h4 class=\"wp-block-heading\"><strong>Piknik u Tenuta Tre Terre \u2013 Opu\u0161taju\u0107e dru\u017eenje koje \u0107emo pamtiti!<\/strong><\/h4>\n\n\n\n<p>Na\u0161 jedinstveni piknik u vinogradu pru\u017eio je savr\u0161eni bijeg od gradske vreve i vru\u0107ine! Svaki petak, posjetitelji su u\u017eivali u opu\u0161taju\u0107oj atmosferi okru\u017eeni predivnom vinovom lozom imanja <strong>Tenuta Tre Terre<\/strong>.<\/p>\n\n\n\n<h4 class=\"wp-block-heading\"><strong>Vrhunska vina i gurmanski u\u017eici<\/strong><\/h4>\n\n\n\n<p>Uz izbor izuzetnih vina i osvje\u017eavaju\u0107ih spritz pi\u0107a, posebno su odu\u0161evile piknik ko\u0161arice ispunjene gurmanskim <strong>Histris salamama<\/strong> i finim <strong>Laguna sirom<\/strong>, dok su <strong><a href=\"https:\/\/www.notavinegar.hr\/naslovna\/\">Vinegar Nota octevi<\/a><\/strong> bili spremni za ku\u0161anje na svakom stolu. Savr\u0161ena kombinacija za samo <strong>18 eura po osobi<\/strong>.<\/p>\n\n\n\n<h4 class=\"wp-block-heading\"><strong>Dru\u017eenje u prirod<\/strong>i<\/h4>\n\n\n\n<p>Obitelji i prijatelji stvorili su nezaboravne uspomene u slikovitom okru\u017eenju vinograda, okru\u017eeni zelenilom i ljepotom prirode.<\/p>\n\n\n\n<h4 class=\"wp-block-heading\"><strong>Glazba i mirni trenuci<\/strong><\/h4>\n\n\n\n<p>Opu\u0161taju\u0107a lounge glazba i umiruju\u0107i zvuci prirode stvorili su poseban ugo\u0111aj, savr\u0161en za potpuno u\u017eivanje i relaksaciju.<\/p>\n\n\n\n<p>Hvala svima koji su bili dio ovog predivnog doga\u0111aja \u2013 radujemo se novim dru\u017eenjima u na\u0161em vinogradu! <br><br>Pratite na\u0161u stranicu <strong><a href=\"https:\/\/www.tenutatreterre.hr\/hr\/novosti\/\">Novosti<\/a><\/strong> za vi\u0161e informacija o nadolaze\u0107im doga\u0111ajima \u2013 jer u <strong>Tenuta Tre Terre<\/strong> <br>uvijek pripremamo ne\u0161to posebno!<\/p>\n","protected":false},"excerpt":{"rendered":"<p>Piknik u vinogradu Piknik u Tenuta Tre Terre \u2013 Opu\u0161taju\u0107e dru\u017eenje koje \u0107emo pamtiti! Na\u0161 jedinstveni piknik u vinogradu pru\u017eio je savr\u0161eni bijeg od gradske vreve i vru\u0107ine! Svaki petak, posjetitelji su u\u017eivali u opu\u0161taju\u0107oj atmosferi okru\u017eeni predivnom vinovom lozom imanja Tenuta Tre Terre. Vrhunska vina i gurmanski u\u017eici Uz izbor izuzetnih vina i osvje\u017eavaju\u0107ih [&hellip;]<\/p>\n","protected":false},"author":1,"featured_media":0,"parent":0,"menu_order":0,"comment_status":"closed","ping_status":"closed","template":"","meta":{"ngg_post_thumbnail":0,"footnotes":""},"class_list":["post-2373","page","type-page","status-publish","hentry"],"yoast_head":"<!-- This site is optimized with the Yoast SEO plugin v22.3 - https:\/\/yoast.com\/wordpress\/plugins\/seo\/ -->\n<title>Piknik u vinogradu - Tenuta Tre Terre<\/title>\n<meta name=\"description\" content=\"Na\u0161 jedinstveni piknik u vinogradu pru\u017eio je savr\u0161eni bijeg od gradske vreve i vru\u0107ine! Opu\u0161taju\u0107e dru\u017eenje koje \u0107emo pamtiti!\" \/>\n<meta name=\"robots\" content=\"index, follow, max-snippet:-1, max-image-preview:large, max-video-preview:-1\" \/>\n<link rel=\"canonical\" href=\"https:\/\/www.tenutatreterre.hr\/hr\/piknik-u-vinogradu-momjan\/\" \/>\n<meta property=\"og:locale\" content=\"hr_HR\" \/>\n<meta property=\"og:type\" content=\"article\" \/>\n<meta property=\"og:title\" content=\"Piknik u vinogradu - Tenuta Tre Terre\" \/>\n<meta property=\"og:description\" content=\"Na\u0161 jedinstveni piknik u vinogradu pru\u017eio je savr\u0161eni bijeg od gradske vreve i vru\u0107ine! Opu\u0161taju\u0107e dru\u017eenje koje \u0107emo pamtiti!\" \/>\n<meta property=\"og:url\" content=\"https:\/\/www.tenutatreterre.hr\/hr\/piknik-u-vinogradu-momjan\/\" \/>\n<meta property=\"og:site_name\" content=\"Tenuta Tre Terre\" \/>\n<meta property=\"article:modified_time\" content=\"2024-12-19T14:36:54+00:00\" \/>\n<meta name=\"twitter:card\" content=\"summary_large_image\" \/>\n<meta name=\"twitter:label1\" content=\"Procijenjeno vrijeme \u010ditanja\" \/>\n\t<meta name=\"twitter:data1\" content=\"1 minuta\" \/>\n<script type=\"application\/ld+json\" class=\"yoast-schema-graph\">{\"@context\":\"https:\/\/schema.org\",\"@graph\":[{\"@type\":\"WebPage\",\"@id\":\"https:\/\/www.tenutatreterre.hr\/hr\/piknik-u-vinogradu-momjan\/\",\"url\":\"https:\/\/www.tenutatreterre.hr\/hr\/piknik-u-vinogradu-momjan\/\",\"name\":\"Piknik u vinogradu - Tenuta Tre Terre\",\"isPartOf\":{\"@id\":\"https:\/\/www.tenutatreterre.hr\/hr\/#website\"},\"datePublished\":\"2024-07-09T12:19:35+00:00\",\"dateModified\":\"2024-12-19T14:36:54+00:00\",\"description\":\"Na\u0161 jedinstveni piknik u vinogradu pru\u017eio je savr\u0161eni bijeg od gradske vreve i vru\u0107ine! Opu\u0161taju\u0107e dru\u017eenje koje \u0107emo pamtiti!\",\"breadcrumb\":{\"@id\":\"https:\/\/www.tenutatreterre.hr\/hr\/piknik-u-vinogradu-momjan\/#breadcrumb\"},\"inLanguage\":\"hr\",\"potentialAction\":[{\"@type\":\"ReadAction\",\"target\":[\"https:\/\/www.tenutatreterre.hr\/hr\/piknik-u-vinogradu-momjan\/\"]}]},{\"@type\":\"BreadcrumbList\",\"@id\":\"https:\/\/www.tenutatreterre.hr\/hr\/piknik-u-vinogradu-momjan\/#breadcrumb\",\"itemListElement\":[{\"@type\":\"ListItem\",\"position\":1,\"name\":\"Po\u010detna stranica\",\"item\":\"https:\/\/www.tenutatreterre.hr\/hr\/\"},{\"@type\":\"ListItem\",\"position\":2,\"name\":\"Piknik u vinogradu\"}]},{\"@type\":\"WebSite\",\"@id\":\"https:\/\/www.tenutatreterre.hr\/hr\/#website\",\"url\":\"https:\/\/www.tenutatreterre.hr\/hr\/\",\"name\":\"Tenuta Tre Terre\",\"description\":\"Tenuta Tre Terre\",\"potentialAction\":[{\"@type\":\"SearchAction\",\"target\":{\"@type\":\"EntryPoint\",\"urlTemplate\":\"https:\/\/www.tenutatreterre.hr\/hr\/?s={search_term_string}\"},\"query-input\":\"required name=search_term_string\"}],\"inLanguage\":\"hr\"}]}<\/script>\n<!-- \/ Yoast SEO plugin. -->","yoast_head_json":{"title":"Piknik u vinogradu - Tenuta Tre Terre","description":"Na\u0161 jedinstveni piknik u vinogradu pru\u017eio je savr\u0161eni bijeg od gradske vreve i vru\u0107ine! Opu\u0161taju\u0107e dru\u017eenje koje \u0107emo pamtiti!","robots":{"index":"index","follow":"follow","max-snippet":"max-snippet:-1","max-image-preview":"max-image-preview:large","max-video-preview":"max-video-preview:-1"},"canonical":"https:\/\/www.tenutatreterre.hr\/hr\/piknik-u-vinogradu-momjan\/","og_locale":"hr_HR","og_type":"article","og_title":"Piknik u vinogradu - Tenuta Tre Terre","og_description":"Na\u0161 jedinstveni piknik u vinogradu pru\u017eio je savr\u0161eni bijeg od gradske vreve i vru\u0107ine! Opu\u0161taju\u0107e dru\u017eenje koje \u0107emo pamtiti!","og_url":"https:\/\/www.tenutatreterre.hr\/hr\/piknik-u-vinogradu-momjan\/","og_site_name":"Tenuta Tre Terre","article_modified_time":"2024-12-19T14:36:54+00:00","twitter_card":"summary_large_image","twitter_misc":{"Procijenjeno vrijeme \u010ditanja":"1 minuta"},"schema":{"@context":"https:\/\/schema.org","@graph":[{"@type":"WebPage","@id":"https:\/\/www.tenutatreterre.hr\/hr\/piknik-u-vinogradu-momjan\/","url":"https:\/\/www.tenutatreterre.hr\/hr\/piknik-u-vinogradu-momjan\/","name":"Piknik u vinogradu - Tenuta Tre Terre","isPartOf":{"@id":"https:\/\/www.tenutatreterre.hr\/hr\/#website"},"datePublished":"2024-07-09T12:19:35+00:00","dateModified":"2024-12-19T14:36:54+00:00","description":"Na\u0161 jedinstveni piknik u vinogradu pru\u017eio je savr\u0161eni bijeg od gradske vreve i vru\u0107ine! Opu\u0161taju\u0107e dru\u017eenje koje \u0107emo pamtiti!","breadcrumb":{"@id":"https:\/\/www.tenutatreterre.hr\/hr\/piknik-u-vinogradu-momjan\/#breadcrumb"},"inLanguage":"hr","potentialAction":[{"@type":"ReadAction","target":["https:\/\/www.tenutatreterre.hr\/hr\/piknik-u-vinogradu-momjan\/"]}]},{"@type":"BreadcrumbList","@id":"https:\/\/www.tenutatreterre.hr\/hr\/piknik-u-vinogradu-momjan\/#breadcrumb","itemListElement":[{"@type":"ListItem","position":1,"name":"Po\u010detna stranica","item":"https:\/\/www.tenutatreterre.hr\/hr\/"},{"@type":"ListItem","position":2,"name":"Piknik u vinogradu"}]},{"@type":"WebSite","@id":"https:\/\/www.tenutatreterre.hr\/hr\/#website","url":"https:\/\/www.tenutatreterre.hr\/hr\/","name":"Tenuta Tre Terre","description":"Tenuta Tre Terre","potentialAction":[{"@type":"SearchAction","target":{"@type":"EntryPoint","urlTemplate":"https:\/\/www.tenutatreterre.hr\/hr\/?s={search_term_string}"},"query-input":"required name=search_term_string"}],"inLanguage":"hr"}]}},"_links":{"self":[{"href":"https:\/\/www.tenutatreterre.hr\/hr\/wp-json\/wp\/v2\/pages\/2373","targetHints":{"allow":["GET"]}}],"collection":[{"href":"https:\/\/www.tenutatreterre.hr\/hr\/wp-json\/wp\/v2\/pages"}],"about":[{"href":"https:\/\/www.tenutatreterre.hr\/hr\/wp-json\/wp\/v2\/types\/page"}],"author":[{"embeddable":true,"href":"https:\/\/www.tenutatreterre.hr\/hr\/wp-json\/wp\/v2\/users\/1"}],"replies":[{"embeddable":true,"href":"https:\/\/www.tenutatreterre.hr\/hr\/wp-json\/wp\/v2\/comments?post=2373"}],"version-history":[{"count":3,"href":"https:\/\/www.tenutatreterre.hr\/hr\/wp-json\/wp\/v2\/pages\/2373\/revisions"}],"predecessor-version":[{"id":3260,"href":"https:\/\/www.tenutatreterre.hr\/hr\/wp-json\/wp\/v2\/pages\/2373\/revisions\/3260"}],"wp:attachment":[{"href":"https:\/\/www.tenutatreterre.hr\/hr\/wp-json\/wp\/v2\/media?parent=2373"}],"curies":[{"name":"wp","href":"https:\/\/api.w.org\/{rel}","templated":true}]}}