{"id":3072,"date":"2024-12-18T18:46:01","date_gmt":"2024-12-18T18:46:01","guid":{"rendered":"https:\/\/www.tenutatreterre.hr\/?page_id=3072"},"modified":"2025-01-10T10:22:00","modified_gmt":"2025-01-10T10:22:00","slug":"salsa-night","status":"publish","type":"page","link":"https:\/\/www.tenutatreterre.hr\/hr\/salsa-night\/","title":{"rendered":"1. \u0160al\u0161a Night Galerija slika"},"content":{"rendered":"\n<h2 class=\"wp-block-heading has-text-align-center\">1. \u0160al\u0161a Night<\/h2>\n\n\n\nngg_shortcode_0_placeholder\n\n\n\n<h3 class=\"wp-block-heading\">1. \u0160al\u0161a Night &#8211; Nezaboravna ve\u010der u Tenuta Tre Terre<\/h3>\n\n\n\n<p>Pro\u0161lo je jo\u0161 jedno nezaboravno izdanje <strong>&#8220;\u0160al\u0161a Night&#8221;<\/strong> u <strong>Tenuta Tre Terre<\/strong>, gdje su se glazba, ples i gastronomija spojili u savr\u0161enoj harmoniji! Uz suradnju s <strong>Plesnim centrom Palladium<\/strong>, ova ve\u010der ispunjena latino ritmovima, vrhunskom hranom i nezaboravnim trenucima jo\u0161 dugo \u0107e ostati u na\u0161im uspomenama.<\/p>\n\n\n\n<h3 class=\"wp-block-heading\"><strong>Glazba u\u017eivo i plesna zabava<\/strong><\/h3>\n\n\n\n<p>Ve\u010der je zapo\u010dela s <strong>Goran Griff Acoustic Trio<\/strong>, koji nas je uveo u \u010daroliju latino glazbe od 17 sati. Njihovi \u017eivi ritmovi podigli su atmosferu i odmah stvorili energi\u010dnu atmosferu za ples i zabavu.<\/p>\n\n\n\n<p>Kako je ve\u010der odmicala, <strong>Plesni centar Palladium<\/strong> donio je vru\u0107e latino ritmove kroz <strong>salsa<\/strong> i <strong>bachata party<\/strong>. Plesni podij bio je ispunjen veselim posjetiteljima koji su u\u017eivali u plesnim koracima do pono\u0107i.<\/p>\n\n\n\n<h3 class=\"wp-block-heading\"><strong>Gastronomski u\u017eitak<\/strong><\/h3>\n\n\n\n<p>Uz glazbu i ples, na\u0161a gastronomska ponuda nije izostala. U\u017eivali smo u <strong>pa\u0161ti sa \u0161al\u0161om<\/strong> i ostalim istarskim delicijama, dok je <strong>show cooking<\/strong> dodao poseban za\u010din cijelom do\u017eivljaju. Bilo je pravo zadovoljstvo u\u017eivati u vrhunskim jelima koja su upotpunila ovu fantasti\u010dnu ve\u010der.<\/p>\n\n\n\n<h3 class=\"wp-block-heading\"><strong>Ambijent Tenuta Tre Terre<\/strong><\/h3>\n\n\n\n<p>Prekrasni ambijent <strong>Tenuta Tre Terre<\/strong> bio je savr\u0161ena kulisa za ovaj doga\u0111aj. Istarski krajolik i \u010darolija prirode u\u010dinili su svaku sekundu posebnom, a atmosfera je bila jednostavno magi\u010dna.<\/p>\n\n\n\n<h3 class=\"wp-block-heading\"><strong>Zahvala svima koji su sudjelovali<\/strong><\/h3>\n\n\n\n<p>Veliko hvala svima koji su sudjelovali i u\u010dinili ovu ve\u010der nezaboravnom! Va\u0161a energija, smijeh i ples u\u010dinili su &#8220;\u0160al\u0161a Night&#8221; posebnim doga\u0111ajem na kojem smo svi u\u017eivali do posljednjeg trenutka.<\/p>\n\n\n\n<p>Nadamo se da ste u\u017eivali u svakoj sekundi ove \u010darobne ve\u010deri i veseloj atmosferi koju je stvorila kombinacija glazbe, plesa i hrane.<br><br>Pratite na\u0161u stranicu\u00a0<strong><a href=\"https:\/\/www.tenutatreterre.hr\/hr\/novosti\/\">Novosti<\/a><\/strong>\u00a0za vi\u0161e informacija o nadolaze\u0107im doga\u0111ajima \u2013 jer u\u00a0<strong>Tenuta Tre Terre<\/strong><br>uvijek pripremamo ne\u0161to posebno!<\/p>\n","protected":false},"excerpt":{"rendered":"<p>1. \u0160al\u0161a Night 1. \u0160al\u0161a Night &#8211; Nezaboravna ve\u010der u Tenuta Tre Terre Pro\u0161lo je jo\u0161 jedno nezaboravno izdanje &#8220;\u0160al\u0161a Night&#8221; u Tenuta Tre Terre, gdje su se glazba, ples i gastronomija spojili u savr\u0161enoj harmoniji! Uz suradnju s Plesnim centrom Palladium, ova ve\u010der ispunjena latino ritmovima, vrhunskom hranom i nezaboravnim trenucima jo\u0161 dugo \u0107e [&hellip;]<\/p>\n","protected":false},"author":1,"featured_media":0,"parent":0,"menu_order":0,"comment_status":"closed","ping_status":"closed","template":"","meta":{"ngg_post_thumbnail":0,"footnotes":""},"class_list":["post-3072","page","type-page","status-publish","hentry"],"yoast_head":"<!-- This site is optimized with the Yoast SEO plugin v22.3 - https:\/\/yoast.com\/wordpress\/plugins\/seo\/ -->\n<title>1. \u0160al\u0161a Night Galerija slika - Tenuta Tre Terre<\/title>\n<meta name=\"description\" content=\"&quot;\u0160al\u0161a Night&quot; spojila je glazbu, ples i gastronomiju. Uz Plesni centar Palladium, ve\u010der ispunjenu latino ritmovima jo\u0161 dugo \u0107emo pamtiti.\" \/>\n<meta name=\"robots\" content=\"index, follow, max-snippet:-1, max-image-preview:large, max-video-preview:-1\" \/>\n<link rel=\"canonical\" href=\"https:\/\/www.tenutatreterre.hr\/hr\/salsa-night\/\" \/>\n<meta property=\"og:locale\" content=\"hr_HR\" \/>\n<meta property=\"og:type\" content=\"article\" \/>\n<meta property=\"og:title\" content=\"1. \u0160al\u0161a Night Galerija slika - Tenuta Tre Terre\" \/>\n<meta property=\"og:description\" content=\"&quot;\u0160al\u0161a Night&quot; spojila je glazbu, ples i gastronomiju. Uz Plesni centar Palladium, ve\u010der ispunjenu latino ritmovima jo\u0161 dugo \u0107emo pamtiti.\" \/>\n<meta property=\"og:url\" content=\"https:\/\/www.tenutatreterre.hr\/hr\/salsa-night\/\" \/>\n<meta property=\"og:site_name\" content=\"Tenuta Tre Terre\" \/>\n<meta property=\"article:modified_time\" content=\"2025-01-10T10:22:00+00:00\" \/>\n<meta name=\"twitter:card\" content=\"summary_large_image\" \/>\n<meta name=\"twitter:label1\" content=\"Procijenjeno vrijeme \u010ditanja\" \/>\n\t<meta name=\"twitter:data1\" content=\"2 minute\" \/>\n<script type=\"application\/ld+json\" class=\"yoast-schema-graph\">{\"@context\":\"https:\/\/schema.org\",\"@graph\":[{\"@type\":\"WebPage\",\"@id\":\"https:\/\/www.tenutatreterre.hr\/hr\/salsa-night\/\",\"url\":\"https:\/\/www.tenutatreterre.hr\/hr\/salsa-night\/\",\"name\":\"1. \u0160al\u0161a Night Galerija slika - Tenuta Tre Terre\",\"isPartOf\":{\"@id\":\"https:\/\/www.tenutatreterre.hr\/hr\/#website\"},\"datePublished\":\"2024-12-18T18:46:01+00:00\",\"dateModified\":\"2025-01-10T10:22:00+00:00\",\"description\":\"\\\"\u0160al\u0161a Night\\\" spojila je glazbu, ples i gastronomiju. Uz Plesni centar Palladium, ve\u010der ispunjenu latino ritmovima jo\u0161 dugo \u0107emo pamtiti.\",\"breadcrumb\":{\"@id\":\"https:\/\/www.tenutatreterre.hr\/hr\/salsa-night\/#breadcrumb\"},\"inLanguage\":\"hr\",\"potentialAction\":[{\"@type\":\"ReadAction\",\"target\":[\"https:\/\/www.tenutatreterre.hr\/hr\/salsa-night\/\"]}]},{\"@type\":\"BreadcrumbList\",\"@id\":\"https:\/\/www.tenutatreterre.hr\/hr\/salsa-night\/#breadcrumb\",\"itemListElement\":[{\"@type\":\"ListItem\",\"position\":1,\"name\":\"Po\u010detna stranica\",\"item\":\"https:\/\/www.tenutatreterre.hr\/hr\/\"},{\"@type\":\"ListItem\",\"position\":2,\"name\":\"1. \u0160al\u0161a Night Galerija slika\"}]},{\"@type\":\"WebSite\",\"@id\":\"https:\/\/www.tenutatreterre.hr\/hr\/#website\",\"url\":\"https:\/\/www.tenutatreterre.hr\/hr\/\",\"name\":\"Tenuta Tre Terre\",\"description\":\"Tenuta Tre Terre\",\"potentialAction\":[{\"@type\":\"SearchAction\",\"target\":{\"@type\":\"EntryPoint\",\"urlTemplate\":\"https:\/\/www.tenutatreterre.hr\/hr\/?s={search_term_string}\"},\"query-input\":\"required name=search_term_string\"}],\"inLanguage\":\"hr\"}]}<\/script>\n<!-- \/ Yoast SEO plugin. -->","yoast_head_json":{"title":"1. \u0160al\u0161a Night Galerija slika - Tenuta Tre Terre","description":"\"\u0160al\u0161a Night\" spojila je glazbu, ples i gastronomiju. Uz Plesni centar Palladium, ve\u010der ispunjenu latino ritmovima jo\u0161 dugo \u0107emo pamtiti.","robots":{"index":"index","follow":"follow","max-snippet":"max-snippet:-1","max-image-preview":"max-image-preview:large","max-video-preview":"max-video-preview:-1"},"canonical":"https:\/\/www.tenutatreterre.hr\/hr\/salsa-night\/","og_locale":"hr_HR","og_type":"article","og_title":"1. \u0160al\u0161a Night Galerija slika - Tenuta Tre Terre","og_description":"\"\u0160al\u0161a Night\" spojila je glazbu, ples i gastronomiju. Uz Plesni centar Palladium, ve\u010der ispunjenu latino ritmovima jo\u0161 dugo \u0107emo pamtiti.","og_url":"https:\/\/www.tenutatreterre.hr\/hr\/salsa-night\/","og_site_name":"Tenuta Tre Terre","article_modified_time":"2025-01-10T10:22:00+00:00","twitter_card":"summary_large_image","twitter_misc":{"Procijenjeno vrijeme \u010ditanja":"2 minute"},"schema":{"@context":"https:\/\/schema.org","@graph":[{"@type":"WebPage","@id":"https:\/\/www.tenutatreterre.hr\/hr\/salsa-night\/","url":"https:\/\/www.tenutatreterre.hr\/hr\/salsa-night\/","name":"1. \u0160al\u0161a Night Galerija slika - Tenuta Tre Terre","isPartOf":{"@id":"https:\/\/www.tenutatreterre.hr\/hr\/#website"},"datePublished":"2024-12-18T18:46:01+00:00","dateModified":"2025-01-10T10:22:00+00:00","description":"\"\u0160al\u0161a Night\" spojila je glazbu, ples i gastronomiju. Uz Plesni centar Palladium, ve\u010der ispunjenu latino ritmovima jo\u0161 dugo \u0107emo pamtiti.","breadcrumb":{"@id":"https:\/\/www.tenutatreterre.hr\/hr\/salsa-night\/#breadcrumb"},"inLanguage":"hr","potentialAction":[{"@type":"ReadAction","target":["https:\/\/www.tenutatreterre.hr\/hr\/salsa-night\/"]}]},{"@type":"BreadcrumbList","@id":"https:\/\/www.tenutatreterre.hr\/hr\/salsa-night\/#breadcrumb","itemListElement":[{"@type":"ListItem","position":1,"name":"Po\u010detna stranica","item":"https:\/\/www.tenutatreterre.hr\/hr\/"},{"@type":"ListItem","position":2,"name":"1. \u0160al\u0161a Night Galerija slika"}]},{"@type":"WebSite","@id":"https:\/\/www.tenutatreterre.hr\/hr\/#website","url":"https:\/\/www.tenutatreterre.hr\/hr\/","name":"Tenuta Tre Terre","description":"Tenuta Tre Terre","potentialAction":[{"@type":"SearchAction","target":{"@type":"EntryPoint","urlTemplate":"https:\/\/www.tenutatreterre.hr\/hr\/?s={search_term_string}"},"query-input":"required name=search_term_string"}],"inLanguage":"hr"}]}},"_links":{"self":[{"href":"https:\/\/www.tenutatreterre.hr\/hr\/wp-json\/wp\/v2\/pages\/3072","targetHints":{"allow":["GET"]}}],"collection":[{"href":"https:\/\/www.tenutatreterre.hr\/hr\/wp-json\/wp\/v2\/pages"}],"about":[{"href":"https:\/\/www.tenutatreterre.hr\/hr\/wp-json\/wp\/v2\/types\/page"}],"author":[{"embeddable":true,"href":"https:\/\/www.tenutatreterre.hr\/hr\/wp-json\/wp\/v2\/users\/1"}],"replies":[{"embeddable":true,"href":"https:\/\/www.tenutatreterre.hr\/hr\/wp-json\/wp\/v2\/comments?post=3072"}],"version-history":[{"count":5,"href":"https:\/\/www.tenutatreterre.hr\/hr\/wp-json\/wp\/v2\/pages\/3072\/revisions"}],"predecessor-version":[{"id":3306,"href":"https:\/\/www.tenutatreterre.hr\/hr\/wp-json\/wp\/v2\/pages\/3072\/revisions\/3306"}],"wp:attachment":[{"href":"https:\/\/www.tenutatreterre.hr\/hr\/wp-json\/wp\/v2\/media?parent=3072"}],"curies":[{"name":"wp","href":"https:\/\/api.w.org\/{rel}","templated":true}]}}