{"id":3159,"date":"2024-12-18T19:01:27","date_gmt":"2024-12-18T19:01:27","guid":{"rendered":"https:\/\/www.tenutatreterre.hr\/?page_id=3159"},"modified":"2025-01-10T10:21:52","modified_gmt":"2025-01-10T10:21:52","slug":"1-bubble-day","status":"publish","type":"page","link":"https:\/\/www.tenutatreterre.hr\/hr\/1-bubble-day\/","title":{"rendered":"1. Bubble Day Galerija slika"},"content":{"rendered":"\n<h2 class=\"wp-block-heading has-text-align-center\">1. Bubble Day<\/h2>\n\n\n\nngg_shortcode_0_placeholder\n\n\n\n<h2 class=\"wp-block-heading\">1. Bubble Day &#8211; dan posve\u0107en pjenu\u0161cima<\/h2>\n\n\n\n<p>Iza nas je jo\u0161 jedna fantasti\u010dna manifestacija koju smo organizirali na na\u0161em predivnom imanju.<\/p>\n\n\n\n<p>Bubble Day je bio spektakularan i <a><\/a>donio radost svima prisutnima, bez obzira na dob! Mala djeca su u\u017eivala u prekrasnoj radionici izrade Dreamcatcher-a, bojankama i \u017eivahnim mjehuri\u0107ima sapunice koji su veselo letjeli u zrak.<\/p>\n\n\n\n<p>A odrasli su se razmazili izvrsnim pjenu\u0161cima i kreativnim Spritz koktelima.<\/p>\n\n\n\n<h3 class=\"wp-block-heading\"><strong>Hvala sudionicima<\/strong><\/h3>\n\n\n\n<p>Veliko hvala <a href=\"https:\/\/www.facebook.com\/misal.pjenusci?__cft__[0]=AZU8KFBrZ4V-NG5rnBSUzIvDae164qfmzAUbBRX9k6ygIZhhWropPOcnZcC4sTl_YMb_OYoB-Us5ZaB9C2hAbghjPTAmkJc12_fBNATWsk9PSrtFgUXIQeXLY0ArfHfoRMAI2vTAaUP6Oy8ZX_U3edMjsx7QzbKeUrNPutrDDLvFJiznN-g7m9jHruwol6lLUJRPZ4S4mY-6IkvFMUohQTDudagrhi-eSKNGNXYSzgVB_g&amp;__tn__=-]K-y-R\">Misal Per\u0161uri\u0107<\/a> , <a href=\"https:\/\/www.facebook.com\/zigantevina?__cft__[0]=AZU8KFBrZ4V-NG5rnBSUzIvDae164qfmzAUbBRX9k6ygIZhhWropPOcnZcC4sTl_YMb_OYoB-Us5ZaB9C2hAbghjPTAmkJc12_fBNATWsk9PSrtFgUXIQeXLY0ArfHfoRMAI2vTAaUP6Oy8ZX_U3edMjsx7QzbKeUrNPutrDDLvFJiznN-g7m9jHruwol6lLUJRPZ4S4mY-6IkvFMUohQTDudagrhi-eSKNGNXYSzgVB_g&amp;__tn__=-]K-y-R\">Vina Zigante<\/a> i <a href=\"https:\/\/www.facebook.com\/vinasanabor?__cft__[0]=AZU8KFBrZ4V-NG5rnBSUzIvDae164qfmzAUbBRX9k6ygIZhhWropPOcnZcC4sTl_YMb_OYoB-Us5ZaB9C2hAbghjPTAmkJc12_fBNATWsk9PSrtFgUXIQeXLY0ArfHfoRMAI2vTAaUP6Oy8ZX_U3edMjsx7QzbKeUrNPutrDDLvFJiznN-g7m9jHruwol6lLUJRPZ4S4mY-6IkvFMUohQTDudagrhi-eSKNGNXYSzgVB_g&amp;__tn__=-]K-y-R\">Vina Sanabor<\/a> koji su nam omogu\u0107ili ovaj doga\u0111aj svojim izvrsnim pjenu\u0161cima i pru\u017eili nam nevjerojatne pjenu\u0161ave okuse<\/p>\n\n\n\n<p>Tako\u0111er, \u017eelimo se zahvaliti <a href=\"https:\/\/www.facebook.com\/landsky30?__cft__[0]=AZU8KFBrZ4V-NG5rnBSUzIvDae164qfmzAUbBRX9k6ygIZhhWropPOcnZcC4sTl_YMb_OYoB-Us5ZaB9C2hAbghjPTAmkJc12_fBNATWsk9PSrtFgUXIQeXLY0ArfHfoRMAI2vTAaUP6Oy8ZX_U3edMjsx7QzbKeUrNPutrDDLvFJiznN-g7m9jHruwol6lLUJRPZ4S4mY-6IkvFMUohQTDudagrhi-eSKNGNXYSzgVB_g&amp;__tn__=-]K-y-R\">Landsky<\/a> koji je jo\u0161 jednom pokazao da kreativnost nema granica. Njihovi osvje\u017eavaju\u0107i Spritz kokteli i kokteli s mjehuri\u0107ima Bubble Tea su nas vratili u djetinjstvo <\/p>\n\n\n\n<p>Moramo izraziti zahvalnost i <a href=\"https:\/\/www.facebook.com\/VeraldaOfficial?__cft__[0]=AZU8KFBrZ4V-NG5rnBSUzIvDae164qfmzAUbBRX9k6ygIZhhWropPOcnZcC4sTl_YMb_OYoB-Us5ZaB9C2hAbghjPTAmkJc12_fBNATWsk9PSrtFgUXIQeXLY0ArfHfoRMAI2vTAaUP6Oy8ZX_U3edMjsx7QzbKeUrNPutrDDLvFJiznN-g7m9jHruwol6lLUJRPZ4S4mY-6IkvFMUohQTDudagrhi-eSKNGNXYSzgVB_g&amp;__tn__=-]K-y-R\">Veralda<\/a> i <a href=\"https:\/\/www.facebook.com\/Vina-Mar%C4%8Deta--2245005705773957\/?__cft__[0]=AZU8KFBrZ4V-NG5rnBSUzIvDae164qfmzAUbBRX9k6ygIZhhWropPOcnZcC4sTl_YMb_OYoB-Us5ZaB9C2hAbghjPTAmkJc12_fBNATWsk9PSrtFgUXIQeXLY0ArfHfoRMAI2vTAaUP6Oy8ZX_U3edMjsx7QzbKeUrNPutrDDLvFJiznN-g7m9jHruwol6lLUJRPZ4S4mY-6IkvFMUohQTDudagrhi-eSKNGNXYSzgVB_g&amp;__tn__=kK-y-R\">Vina Mar\u010deta &#8211;<\/a> koji nam daju podr\u0161ku na svakom na\u0161em eventu te nam dopuste da u\u017eivamo i u njihovim sjajnim vinima, a ovoga puta pjenu\u0161cima <\/p>\n\n\n\n<p>Naravno, tu su bila i fantasti\u010dna vina iz Dvorska vina \u0160o\u0161ki\u0107 &amp; Dvor za sve ljubitelje mirnih vina!<\/p>\n\n\n\n<p>Posebno hvala Nina Turina iz Nooon studija i <a href=\"https:\/\/www.facebook.com\/alenspionvideography?__cft__[0]=AZU8KFBrZ4V-NG5rnBSUzIvDae164qfmzAUbBRX9k6ygIZhhWropPOcnZcC4sTl_YMb_OYoB-Us5ZaB9C2hAbghjPTAmkJc12_fBNATWsk9PSrtFgUXIQeXLY0ArfHfoRMAI2vTAaUP6Oy8ZX_U3edMjsx7QzbKeUrNPutrDDLvFJiznN-g7m9jHruwol6lLUJRPZ4S4mY-6IkvFMUohQTDudagrhi-eSKNGNXYSzgVB_g&amp;__tn__=-]K-y-R\">Alen Spion Videography<\/a> \u0161to su zabilje\u017eili trenutke s ovog doga\u0111aja i stvorili divne uspomene. <\/p>\n\n\n\n<p>Atmosferu su zapalile plesa\u010dice Andrea i Tai iz Rijeke, te svojim vatrenim izvedbama ostavile nas bez daha. <\/p>\n\n\n\n<p>I naravno, za nevjerojatne ritmove na plesnom podiju zahvaljujemo se na\u0161em DJ-u Mile. <\/p>\n\n\n\n<p>Velika zahvala svima koji ste do\u0161li i nadamo se da \u0107ete nas ponovno posjetiti u budu\u0107nosti.<\/p>\n","protected":false},"excerpt":{"rendered":"<p>1. Bubble Day 1. Bubble Day &#8211; dan posve\u0107en pjenu\u0161cima Iza nas je jo\u0161 jedna fantasti\u010dna manifestacija koju smo organizirali na na\u0161em predivnom imanju. Bubble Day je bio spektakularan i donio radost svima prisutnima, bez obzira na dob! Mala djeca su u\u017eivala u prekrasnoj radionici izrade Dreamcatcher-a, bojankama i \u017eivahnim mjehuri\u0107ima sapunice koji su veselo [&hellip;]<\/p>\n","protected":false},"author":1,"featured_media":0,"parent":0,"menu_order":0,"comment_status":"closed","ping_status":"closed","template":"","meta":{"ngg_post_thumbnail":0,"footnotes":""},"class_list":["post-3159","page","type-page","status-publish","hentry"],"yoast_head":"<!-- This site is optimized with the Yoast SEO plugin v22.3 - https:\/\/yoast.com\/wordpress\/plugins\/seo\/ -->\n<title>1. Bubble Day Galerija slika - Tenuta Tre Terre<\/title>\n<meta name=\"description\" content=\"1. Bubble Day - dan posve\u0107en pjenu\u0161cima i kreativnim Spritz koktelima na na\u0161oj predivnoj Tenuta Tre Terre.\" \/>\n<meta name=\"robots\" content=\"index, follow, max-snippet:-1, max-image-preview:large, max-video-preview:-1\" \/>\n<link rel=\"canonical\" href=\"https:\/\/www.tenutatreterre.hr\/hr\/1-bubble-day\/\" \/>\n<meta property=\"og:locale\" content=\"hr_HR\" \/>\n<meta property=\"og:type\" content=\"article\" \/>\n<meta property=\"og:title\" content=\"1. Bubble Day Galerija slika - Tenuta Tre Terre\" \/>\n<meta property=\"og:description\" content=\"1. Bubble Day - dan posve\u0107en pjenu\u0161cima i kreativnim Spritz koktelima na na\u0161oj predivnoj Tenuta Tre Terre.\" \/>\n<meta property=\"og:url\" content=\"https:\/\/www.tenutatreterre.hr\/hr\/1-bubble-day\/\" \/>\n<meta property=\"og:site_name\" content=\"Tenuta Tre Terre\" \/>\n<meta property=\"article:modified_time\" content=\"2025-01-10T10:21:52+00:00\" \/>\n<meta name=\"twitter:card\" content=\"summary_large_image\" \/>\n<meta name=\"twitter:label1\" content=\"Procijenjeno vrijeme \u010ditanja\" \/>\n\t<meta name=\"twitter:data1\" content=\"2 minute\" \/>\n<script type=\"application\/ld+json\" class=\"yoast-schema-graph\">{\"@context\":\"https:\/\/schema.org\",\"@graph\":[{\"@type\":\"WebPage\",\"@id\":\"https:\/\/www.tenutatreterre.hr\/hr\/1-bubble-day\/\",\"url\":\"https:\/\/www.tenutatreterre.hr\/hr\/1-bubble-day\/\",\"name\":\"1. Bubble Day Galerija slika - Tenuta Tre Terre\",\"isPartOf\":{\"@id\":\"https:\/\/www.tenutatreterre.hr\/hr\/#website\"},\"datePublished\":\"2024-12-18T19:01:27+00:00\",\"dateModified\":\"2025-01-10T10:21:52+00:00\",\"description\":\"1. Bubble Day - dan posve\u0107en pjenu\u0161cima i kreativnim Spritz koktelima na na\u0161oj predivnoj Tenuta Tre Terre.\",\"breadcrumb\":{\"@id\":\"https:\/\/www.tenutatreterre.hr\/hr\/1-bubble-day\/#breadcrumb\"},\"inLanguage\":\"hr\",\"potentialAction\":[{\"@type\":\"ReadAction\",\"target\":[\"https:\/\/www.tenutatreterre.hr\/hr\/1-bubble-day\/\"]}]},{\"@type\":\"BreadcrumbList\",\"@id\":\"https:\/\/www.tenutatreterre.hr\/hr\/1-bubble-day\/#breadcrumb\",\"itemListElement\":[{\"@type\":\"ListItem\",\"position\":1,\"name\":\"Po\u010detna stranica\",\"item\":\"https:\/\/www.tenutatreterre.hr\/hr\/\"},{\"@type\":\"ListItem\",\"position\":2,\"name\":\"1. Bubble Day Galerija slika\"}]},{\"@type\":\"WebSite\",\"@id\":\"https:\/\/www.tenutatreterre.hr\/hr\/#website\",\"url\":\"https:\/\/www.tenutatreterre.hr\/hr\/\",\"name\":\"Tenuta Tre Terre\",\"description\":\"Tenuta Tre Terre\",\"potentialAction\":[{\"@type\":\"SearchAction\",\"target\":{\"@type\":\"EntryPoint\",\"urlTemplate\":\"https:\/\/www.tenutatreterre.hr\/hr\/?s={search_term_string}\"},\"query-input\":\"required name=search_term_string\"}],\"inLanguage\":\"hr\"}]}<\/script>\n<!-- \/ Yoast SEO plugin. -->","yoast_head_json":{"title":"1. Bubble Day Galerija slika - Tenuta Tre Terre","description":"1. Bubble Day - dan posve\u0107en pjenu\u0161cima i kreativnim Spritz koktelima na na\u0161oj predivnoj Tenuta Tre Terre.","robots":{"index":"index","follow":"follow","max-snippet":"max-snippet:-1","max-image-preview":"max-image-preview:large","max-video-preview":"max-video-preview:-1"},"canonical":"https:\/\/www.tenutatreterre.hr\/hr\/1-bubble-day\/","og_locale":"hr_HR","og_type":"article","og_title":"1. Bubble Day Galerija slika - Tenuta Tre Terre","og_description":"1. Bubble Day - dan posve\u0107en pjenu\u0161cima i kreativnim Spritz koktelima na na\u0161oj predivnoj Tenuta Tre Terre.","og_url":"https:\/\/www.tenutatreterre.hr\/hr\/1-bubble-day\/","og_site_name":"Tenuta Tre Terre","article_modified_time":"2025-01-10T10:21:52+00:00","twitter_card":"summary_large_image","twitter_misc":{"Procijenjeno vrijeme \u010ditanja":"2 minute"},"schema":{"@context":"https:\/\/schema.org","@graph":[{"@type":"WebPage","@id":"https:\/\/www.tenutatreterre.hr\/hr\/1-bubble-day\/","url":"https:\/\/www.tenutatreterre.hr\/hr\/1-bubble-day\/","name":"1. Bubble Day Galerija slika - Tenuta Tre Terre","isPartOf":{"@id":"https:\/\/www.tenutatreterre.hr\/hr\/#website"},"datePublished":"2024-12-18T19:01:27+00:00","dateModified":"2025-01-10T10:21:52+00:00","description":"1. Bubble Day - dan posve\u0107en pjenu\u0161cima i kreativnim Spritz koktelima na na\u0161oj predivnoj Tenuta Tre Terre.","breadcrumb":{"@id":"https:\/\/www.tenutatreterre.hr\/hr\/1-bubble-day\/#breadcrumb"},"inLanguage":"hr","potentialAction":[{"@type":"ReadAction","target":["https:\/\/www.tenutatreterre.hr\/hr\/1-bubble-day\/"]}]},{"@type":"BreadcrumbList","@id":"https:\/\/www.tenutatreterre.hr\/hr\/1-bubble-day\/#breadcrumb","itemListElement":[{"@type":"ListItem","position":1,"name":"Po\u010detna stranica","item":"https:\/\/www.tenutatreterre.hr\/hr\/"},{"@type":"ListItem","position":2,"name":"1. Bubble Day Galerija slika"}]},{"@type":"WebSite","@id":"https:\/\/www.tenutatreterre.hr\/hr\/#website","url":"https:\/\/www.tenutatreterre.hr\/hr\/","name":"Tenuta Tre Terre","description":"Tenuta Tre Terre","potentialAction":[{"@type":"SearchAction","target":{"@type":"EntryPoint","urlTemplate":"https:\/\/www.tenutatreterre.hr\/hr\/?s={search_term_string}"},"query-input":"required name=search_term_string"}],"inLanguage":"hr"}]}},"_links":{"self":[{"href":"https:\/\/www.tenutatreterre.hr\/hr\/wp-json\/wp\/v2\/pages\/3159","targetHints":{"allow":["GET"]}}],"collection":[{"href":"https:\/\/www.tenutatreterre.hr\/hr\/wp-json\/wp\/v2\/pages"}],"about":[{"href":"https:\/\/www.tenutatreterre.hr\/hr\/wp-json\/wp\/v2\/types\/page"}],"author":[{"embeddable":true,"href":"https:\/\/www.tenutatreterre.hr\/hr\/wp-json\/wp\/v2\/users\/1"}],"replies":[{"embeddable":true,"href":"https:\/\/www.tenutatreterre.hr\/hr\/wp-json\/wp\/v2\/comments?post=3159"}],"version-history":[{"count":2,"href":"https:\/\/www.tenutatreterre.hr\/hr\/wp-json\/wp\/v2\/pages\/3159\/revisions"}],"predecessor-version":[{"id":3296,"href":"https:\/\/www.tenutatreterre.hr\/hr\/wp-json\/wp\/v2\/pages\/3159\/revisions\/3296"}],"wp:attachment":[{"href":"https:\/\/www.tenutatreterre.hr\/hr\/wp-json\/wp\/v2\/media?parent=3159"}],"curies":[{"name":"wp","href":"https:\/\/api.w.org\/{rel}","templated":true}]}}