{"id":3317,"date":"2024-12-18T18:46:01","date_gmt":"2024-12-18T18:46:01","guid":{"rendered":"https:\/\/www.tenutatreterre.hr\/salsa-night\/"},"modified":"2024-12-19T16:10:41","modified_gmt":"2024-12-19T16:10:41","slug":"salsa-night-fotografie","status":"publish","type":"page","link":"https:\/\/www.tenutatreterre.hr\/it\/salsa-night-fotografie\/","title":{"rendered":"1. \u0160al\u0161a Night Fotografie"},"content":{"rendered":"\n<h2 class=\"wp-block-heading has-text-align-center\">1. \u0160al\u0161a Night<\/h2>\n\n\n\nngg_shortcode_0_placeholder\n\n\n\n<h4 class=\"wp-block-heading\"><strong>1. \u0160al\u0161a Night &#8211; Una Serata Indimenticabile a Tenuta Tre Terre<\/strong><\/h4>\n\n\n\n<p>Un\u2019altra edizione indimenticabile di <em>\u0160al\u0161a Night<\/em> si \u00e8 svolta a Tenuta Tre Terre, dove musica, danza e gastronomia si sono fuse in perfetta armonia! In collaborazione con <em>Plesni Centar Palladium<\/em>, questa serata ricca di ritmi latini, cibo squisito e momenti memorabili rimarr\u00e0 nei nostri ricordi a lungo.<\/p>\n\n\n\n<h4 class=\"wp-block-heading\"><strong>Musica dal Vivo e Festa di Ballo<\/strong><\/h4>\n\n\n\n<p>La serata \u00e8 iniziata con il <em>Goran Griff Acoustic Trio<\/em>, che ci ha introdotto alla magia della musica latina a partire dalle 17:00. I loro ritmi vivaci hanno creato subito un\u2019atmosfera energica perfetta per ballare e divertirsi.<\/p>\n\n\n\n<p>Man mano che la serata progrediva, il <em>Plesni Centar Palladium<\/em> ha portato ritmi latini infuocati con una festa di salsa e bachata. La pista da ballo era piena di ospiti allegri che hanno ballato con entusiasmo fino a mezzanotte.<\/p>\n\n\n\n<h4 class=\"wp-block-heading\"><strong>Un Piacere Gastronomico<\/strong><\/h4>\n\n\n\n<p>Insieme alla musica e alla danza, la nostra offerta gastronomica \u00e8 stata protagonista. Gli ospiti hanno gustato pasta con <em>\u0161al\u0161a<\/em> e altre delizie istriane, mentre lo <em>show cooking<\/em> ha aggiunto un tocco speciale all\u2019esperienza. \u00c8 stato un vero piacere godere di piatti eccellenti che hanno completato questa fantastica serata.<\/p>\n\n\n\n<h4 class=\"wp-block-heading\"><strong>L\u2019Ambiente di Tenuta Tre Terre<\/strong><\/h4>\n\n\n\n<p>La splendida cornice di <em>Tenuta Tre Terre<\/em> \u00e8 stata lo sfondo perfetto per questo evento. Il paesaggio istriano e la magia della natura hanno reso ogni momento speciale, creando un\u2019atmosfera semplicemente magica.<\/p>\n\n\n\n<h4 class=\"wp-block-heading\"><strong>Ringraziamento a Tutti i Partecipanti<\/strong><\/h4>\n\n\n\n<p>Un enorme grazie a tutti coloro che hanno partecipato e reso questa serata indimenticabile! La vostra energia, risate e balli hanno fatto di <em>\u0160al\u0161a Night<\/em> un evento speciale che tutti abbiamo apprezzato fino all\u2019ultimo istante.<\/p>\n\n\n\n<p>Speriamo che abbiate goduto di ogni secondo di questa serata magica e della vivace atmosfera creata dalla combinazione di musica, danza e cibo.<\/p>\n\n\n\n<p>Seguite la nostra pagina <a href=\"https:\/\/www.tenutatreterre.hr\/it\/notizie\/\"><em>No<\/em>tizie<\/a> per ulteriori informazioni sui prossimi eventi \u2013 perch\u00e9 a <em>Tenuta Tre Terre<\/em>, stiamo sempre preparando qualcosa di speciale!<\/p>\n","protected":false},"excerpt":{"rendered":"<p>1. \u0160al\u0161a Night 1. \u0160al\u0161a Night &#8211; Una Serata Indimenticabile a Tenuta Tre Terre Un\u2019altra edizione indimenticabile di \u0160al\u0161a Night si \u00e8 svolta a Tenuta Tre Terre, dove musica, danza e gastronomia si sono fuse in perfetta armonia! In collaborazione con Plesni Centar Palladium, questa serata ricca di ritmi latini, cibo squisito e momenti memorabili [&hellip;]<\/p>\n","protected":false},"author":1,"featured_media":0,"parent":0,"menu_order":0,"comment_status":"closed","ping_status":"closed","template":"","meta":{"ngg_post_thumbnail":0,"footnotes":""},"class_list":["post-3317","page","type-page","status-publish","hentry"],"yoast_head":"<!-- This site is optimized with the Yoast SEO plugin v22.3 - https:\/\/yoast.com\/wordpress\/plugins\/seo\/ -->\n<title>1. \u0160al\u0161a Night Fotografie - Tenuta Tre Terre<\/title>\n<meta name=\"description\" content=\"Indimenticabile \u0160al\u0161a Night si \u00e8 svolta a Tenuta Tre Terre, dove musica, danza e gastronomia si sono fuse in perfetta armonia\" \/>\n<meta name=\"robots\" content=\"index, follow, max-snippet:-1, max-image-preview:large, max-video-preview:-1\" \/>\n<link rel=\"canonical\" href=\"https:\/\/www.tenutatreterre.hr\/it\/salsa-night-fotografie\/\" \/>\n<meta property=\"og:locale\" content=\"it_IT\" \/>\n<meta property=\"og:type\" content=\"article\" \/>\n<meta property=\"og:title\" content=\"1. \u0160al\u0161a Night Fotografie - Tenuta Tre Terre\" \/>\n<meta property=\"og:description\" content=\"Indimenticabile \u0160al\u0161a Night si \u00e8 svolta a Tenuta Tre Terre, dove musica, danza e gastronomia si sono fuse in perfetta armonia\" \/>\n<meta property=\"og:url\" content=\"https:\/\/www.tenutatreterre.hr\/it\/salsa-night-fotografie\/\" \/>\n<meta property=\"og:site_name\" content=\"Tenuta Tre Terre\" \/>\n<meta property=\"article:modified_time\" content=\"2024-12-19T16:10:41+00:00\" \/>\n<meta name=\"twitter:card\" content=\"summary_large_image\" \/>\n<meta name=\"twitter:label1\" content=\"Tempo di lettura stimato\" \/>\n\t<meta name=\"twitter:data1\" content=\"2 minuti\" \/>\n<script type=\"application\/ld+json\" class=\"yoast-schema-graph\">{\"@context\":\"https:\/\/schema.org\",\"@graph\":[{\"@type\":\"WebPage\",\"@id\":\"https:\/\/www.tenutatreterre.hr\/it\/salsa-night-fotografie\/\",\"url\":\"https:\/\/www.tenutatreterre.hr\/it\/salsa-night-fotografie\/\",\"name\":\"1. \u0160al\u0161a Night Fotografie - Tenuta Tre Terre\",\"isPartOf\":{\"@id\":\"https:\/\/www.tenutatreterre.hr\/it\/#website\"},\"datePublished\":\"2024-12-18T18:46:01+00:00\",\"dateModified\":\"2024-12-19T16:10:41+00:00\",\"description\":\"Indimenticabile \u0160al\u0161a Night si \u00e8 svolta a Tenuta Tre Terre, dove musica, danza e gastronomia si sono fuse in perfetta armonia\",\"breadcrumb\":{\"@id\":\"https:\/\/www.tenutatreterre.hr\/it\/salsa-night-fotografie\/#breadcrumb\"},\"inLanguage\":\"it-IT\",\"potentialAction\":[{\"@type\":\"ReadAction\",\"target\":[\"https:\/\/www.tenutatreterre.hr\/it\/salsa-night-fotografie\/\"]}]},{\"@type\":\"BreadcrumbList\",\"@id\":\"https:\/\/www.tenutatreterre.hr\/it\/salsa-night-fotografie\/#breadcrumb\",\"itemListElement\":[{\"@type\":\"ListItem\",\"position\":1,\"name\":\"Po\u010detna stranica\",\"item\":\"https:\/\/www.tenutatreterre.hr\/it\/\"},{\"@type\":\"ListItem\",\"position\":2,\"name\":\"Eventi\",\"item\":\"https:\/\/www.tenutatreterre.hr\/it\/eventi\/\"},{\"@type\":\"ListItem\",\"position\":3,\"name\":\"1. \u0160al\u0161a Night Fotografie\"}]},{\"@type\":\"WebSite\",\"@id\":\"https:\/\/www.tenutatreterre.hr\/it\/#website\",\"url\":\"https:\/\/www.tenutatreterre.hr\/it\/\",\"name\":\"Tenuta Tre Terre\",\"description\":\"Tenuta Tre Terre\",\"potentialAction\":[{\"@type\":\"SearchAction\",\"target\":{\"@type\":\"EntryPoint\",\"urlTemplate\":\"https:\/\/www.tenutatreterre.hr\/it\/?s={search_term_string}\"},\"query-input\":\"required name=search_term_string\"}],\"inLanguage\":\"it-IT\"}]}<\/script>\n<!-- \/ Yoast SEO plugin. -->","yoast_head_json":{"title":"1. \u0160al\u0161a Night Fotografie - Tenuta Tre Terre","description":"Indimenticabile \u0160al\u0161a Night si \u00e8 svolta a Tenuta Tre Terre, dove musica, danza e gastronomia si sono fuse in perfetta armonia","robots":{"index":"index","follow":"follow","max-snippet":"max-snippet:-1","max-image-preview":"max-image-preview:large","max-video-preview":"max-video-preview:-1"},"canonical":"https:\/\/www.tenutatreterre.hr\/it\/salsa-night-fotografie\/","og_locale":"it_IT","og_type":"article","og_title":"1. \u0160al\u0161a Night Fotografie - Tenuta Tre Terre","og_description":"Indimenticabile \u0160al\u0161a Night si \u00e8 svolta a Tenuta Tre Terre, dove musica, danza e gastronomia si sono fuse in perfetta armonia","og_url":"https:\/\/www.tenutatreterre.hr\/it\/salsa-night-fotografie\/","og_site_name":"Tenuta Tre Terre","article_modified_time":"2024-12-19T16:10:41+00:00","twitter_card":"summary_large_image","twitter_misc":{"Tempo di lettura stimato":"2 minuti"},"schema":{"@context":"https:\/\/schema.org","@graph":[{"@type":"WebPage","@id":"https:\/\/www.tenutatreterre.hr\/it\/salsa-night-fotografie\/","url":"https:\/\/www.tenutatreterre.hr\/it\/salsa-night-fotografie\/","name":"1. \u0160al\u0161a Night Fotografie - Tenuta Tre Terre","isPartOf":{"@id":"https:\/\/www.tenutatreterre.hr\/it\/#website"},"datePublished":"2024-12-18T18:46:01+00:00","dateModified":"2024-12-19T16:10:41+00:00","description":"Indimenticabile \u0160al\u0161a Night si \u00e8 svolta a Tenuta Tre Terre, dove musica, danza e gastronomia si sono fuse in perfetta armonia","breadcrumb":{"@id":"https:\/\/www.tenutatreterre.hr\/it\/salsa-night-fotografie\/#breadcrumb"},"inLanguage":"it-IT","potentialAction":[{"@type":"ReadAction","target":["https:\/\/www.tenutatreterre.hr\/it\/salsa-night-fotografie\/"]}]},{"@type":"BreadcrumbList","@id":"https:\/\/www.tenutatreterre.hr\/it\/salsa-night-fotografie\/#breadcrumb","itemListElement":[{"@type":"ListItem","position":1,"name":"Po\u010detna stranica","item":"https:\/\/www.tenutatreterre.hr\/it\/"},{"@type":"ListItem","position":2,"name":"Eventi","item":"https:\/\/www.tenutatreterre.hr\/it\/eventi\/"},{"@type":"ListItem","position":3,"name":"1. \u0160al\u0161a Night Fotografie"}]},{"@type":"WebSite","@id":"https:\/\/www.tenutatreterre.hr\/it\/#website","url":"https:\/\/www.tenutatreterre.hr\/it\/","name":"Tenuta Tre Terre","description":"Tenuta Tre Terre","potentialAction":[{"@type":"SearchAction","target":{"@type":"EntryPoint","urlTemplate":"https:\/\/www.tenutatreterre.hr\/it\/?s={search_term_string}"},"query-input":"required name=search_term_string"}],"inLanguage":"it-IT"}]}},"_links":{"self":[{"href":"https:\/\/www.tenutatreterre.hr\/it\/wp-json\/wp\/v2\/pages\/3317","targetHints":{"allow":["GET"]}}],"collection":[{"href":"https:\/\/www.tenutatreterre.hr\/it\/wp-json\/wp\/v2\/pages"}],"about":[{"href":"https:\/\/www.tenutatreterre.hr\/it\/wp-json\/wp\/v2\/types\/page"}],"author":[{"embeddable":true,"href":"https:\/\/www.tenutatreterre.hr\/it\/wp-json\/wp\/v2\/users\/1"}],"replies":[{"embeddable":true,"href":"https:\/\/www.tenutatreterre.hr\/it\/wp-json\/wp\/v2\/comments?post=3317"}],"version-history":[{"count":6,"href":"https:\/\/www.tenutatreterre.hr\/it\/wp-json\/wp\/v2\/pages\/3317\/revisions"}],"predecessor-version":[{"id":3368,"href":"https:\/\/www.tenutatreterre.hr\/it\/wp-json\/wp\/v2\/pages\/3317\/revisions\/3368"}],"wp:attachment":[{"href":"https:\/\/www.tenutatreterre.hr\/it\/wp-json\/wp\/v2\/media?parent=3317"}],"curies":[{"name":"wp","href":"https:\/\/api.w.org\/{rel}","templated":true}]}}